{"id":151378,"date":"2020-06-01T16:20:00","date_gmt":"2020-06-01T13:20:00","guid":{"rendered":"https:\/\/kingarms.ee\/product\/prk9-rts-gg\/"},"modified":"2025-06-28T18:38:14","modified_gmt":"2025-06-28T15:38:14","slug":"prk9-rts-gg","status":"publish","type":"product","link":"https:\/\/kingarms.ee\/lv\/product\/prk9-rts-gg\/","title":{"rendered":"PRK9 RTS G&amp;G"},"content":{"rendered":"<p><a href=\"https:\/\/kingarms.ee\/wp-content\/uploads\/2020\/06\/gg-electric-rifle-prk9-rts-gg-prk9rts-300x300.jpg\"><img loading=\"lazy\" decoding=\"async\" class=\"alignnone size-medium\" src=\"https:\/\/kingarms.ee\/wp-content\/uploads\/2020\/06\/gg-electric-rifle-prk9-rts-gg-prk9rts-300x300.jpg\" alt=\"\" width=\"300\" height=\"300\"><\/a><\/p>\n","protected":false},"excerpt":{"rendered":"<p>PARK 9 RTS G &amp; amp; G<br \/>\nZema v\u0101ci\u0146a 40 k\u0101rtu \u017durn\u0101ls<br \/>\nPilns met\u0101ls<br \/>\nRegul\u0113jami t\u0113m\u0113k\u013ci<br \/>\nIzvelkams un salok\u0101ms kr\u0101jums<br \/>\nEtu un mosfet<br \/>\nSp\u0113c\u012bgs 25000rpm Motors<br \/>\n8mm gultnis<br \/>\nAkumulatora nodal\u012bjums aug\u0161\u0113j\u0101 uztv\u0113r\u0113ja iek\u0161pus\u0113<br \/>\nUguns re\u017e\u012bms: dro\u0161s, da\u013c\u0113ji un pilns auto (3 k\u0101rtas p\u0101rspr\u0101gt konfigur\u0113jams)<br \/>\nGarums: 557mm<br \/>\nSvars: 2580g<br \/>\nAkumulators un akumulatora l\u0101d\u0113t\u0101js nav iek\u013cauts<\/p>\n","protected":false},"featured_media":154958,"template":"","meta":{"_acf_changed":false},"product_brand":[],"product_cat":[1001],"product_tag":[1317],"class_list":{"0":"post-151378","1":"product","2":"type-product","3":"status-publish","4":"has-post-thumbnail","6":"product_cat-tirdzniecibas-automati","7":"product_tag-4blss3ph-lv","9":"first","10":"onbackorder","11":"taxable","12":"shipping-taxable","13":"product-type-simple"},"acf":[],"_links":{"self":[{"href":"https:\/\/kingarms.ee\/lv\/wp-json\/wp\/v2\/product\/151378","targetHints":{"allow":["GET"]}}],"collection":[{"href":"https:\/\/kingarms.ee\/lv\/wp-json\/wp\/v2\/product"}],"about":[{"href":"https:\/\/kingarms.ee\/lv\/wp-json\/wp\/v2\/types\/product"}],"wp:featuredmedia":[{"embeddable":true,"href":"https:\/\/kingarms.ee\/lv\/wp-json\/wp\/v2\/media\/154958"}],"wp:attachment":[{"href":"https:\/\/kingarms.ee\/lv\/wp-json\/wp\/v2\/media?parent=151378"}],"wp:term":[{"taxonomy":"product_brand","embeddable":true,"href":"https:\/\/kingarms.ee\/lv\/wp-json\/wp\/v2\/product_brand?post=151378"},{"taxonomy":"product_cat","embeddable":true,"href":"https:\/\/kingarms.ee\/lv\/wp-json\/wp\/v2\/product_cat?post=151378"},{"taxonomy":"product_tag","embeddable":true,"href":"https:\/\/kingarms.ee\/lv\/wp-json\/wp\/v2\/product_tag?post=151378"}],"curies":[{"name":"wp","href":"https:\/\/api.w.org\/{rel}","templated":true}]}}