{"id":151382,"date":"2020-06-01T16:20:00","date_gmt":"2020-06-01T13:20:00","guid":{"rendered":"https:\/\/kingarms.ee\/product\/sr30-m-lok-g-amp-g\/"},"modified":"2025-06-28T18:39:31","modified_gmt":"2025-06-28T15:39:31","slug":"sr30-m-lok-g-amp-g","status":"publish","type":"product","link":"https:\/\/kingarms.ee\/lv\/product\/sr30-m-lok-g-amp-g\/","title":{"rendered":"SR30 M LOK G &amp; amp; G<br><br>"},"content":{"rendered":"<p><a href=\"https:\/\/kingarms.ee\/wp-content\/uploads\/2020\/06\/gg-electric-rifle-sr30-m-lok-gg-sr30-300x300.jpg\"><img loading=\"lazy\" decoding=\"async\" class=\"alignnone size-medium\" src=\"https:\/\/kingarms.ee\/wp-content\/uploads\/2020\/06\/gg-electric-rifle-sr30-m-lok-gg-sr30-300x300.jpg\" alt=\"\" width=\"300\" height=\"300\"><\/a><\/p>\n","protected":false},"excerpt":{"rendered":"<p>SR30 M LOK G &amp; amp; G<\/p>\n<p>Elektrisk\u0101 \u0161autene sr30 m-lok<\/p>\n<p>Bru\u0146inieka bru\u0146ojums licenc\u0113ts<\/p>\n<p>Met\u0101la aug\u0161\u0113jais un apak\u0161\u0113jais uztv\u0113r\u0113js<\/p>\n<p>90 k\u0101rtas \u017eurn\u0101ls ar zemu v\u0101ci\u0146u<\/p>\n<p>Alum\u012bnija M-lok rokas aizsargs<\/p>\n<p>Flip-up apskates vietas<\/p>\n<p>Celt\u0146a izvelkamais kr\u0101jums<\/p>\n<p>Biseksu\u0101\u013cu uguns selektoru un \u017eurn\u0101la atbr\u012bvo\u0161anas pogu<\/p>\n<p>Uguns re\u017e\u012bms: dro\u0161s, viens \u0161\u0101viens un p\u0101rspr\u0101gt (var iestat\u012bt 3 k\u0101rtas vai 5 k\u0101rtas burti)<\/p>\n<p>G2 mosfet un etu<\/p>\n<p>G2 p\u0101rnesumk\u0101rba ar 8mm gult\u0146iem<\/p>\n<p>25000rmp gar\u0161 Motors<br \/>\nRegul\u0113jams hop up<br \/>\nGarums: 670-780mm<br \/>\nSvars: 2750g<br \/>\nMelna kr\u0101sa<br \/>\nAkumulators un akumulatora l\u0101d\u0113t\u0101js nav iek\u013cauts<\/p>\n","protected":false},"featured_media":154910,"template":"","meta":{"_acf_changed":false},"product_brand":[],"product_cat":[1001],"product_tag":[1317],"class_list":{"0":"post-151382","1":"product","2":"type-product","3":"status-publish","4":"has-post-thumbnail","6":"product_cat-tirdzniecibas-automati","7":"product_tag-4blss3ph-lv","9":"first","10":"onbackorder","11":"taxable","12":"shipping-taxable","13":"product-type-simple"},"acf":[],"_links":{"self":[{"href":"https:\/\/kingarms.ee\/lv\/wp-json\/wp\/v2\/product\/151382","targetHints":{"allow":["GET"]}}],"collection":[{"href":"https:\/\/kingarms.ee\/lv\/wp-json\/wp\/v2\/product"}],"about":[{"href":"https:\/\/kingarms.ee\/lv\/wp-json\/wp\/v2\/types\/product"}],"wp:featuredmedia":[{"embeddable":true,"href":"https:\/\/kingarms.ee\/lv\/wp-json\/wp\/v2\/media\/154910"}],"wp:attachment":[{"href":"https:\/\/kingarms.ee\/lv\/wp-json\/wp\/v2\/media?parent=151382"}],"wp:term":[{"taxonomy":"product_brand","embeddable":true,"href":"https:\/\/kingarms.ee\/lv\/wp-json\/wp\/v2\/product_brand?post=151382"},{"taxonomy":"product_cat","embeddable":true,"href":"https:\/\/kingarms.ee\/lv\/wp-json\/wp\/v2\/product_cat?post=151382"},{"taxonomy":"product_tag","embeddable":true,"href":"https:\/\/kingarms.ee\/lv\/wp-json\/wp\/v2\/product_tag?post=151382"}],"curies":[{"name":"wp","href":"https:\/\/api.w.org\/{rel}","templated":true}]}}