{"id":151385,"date":"2020-06-01T16:20:00","date_gmt":"2020-06-01T13:20:00","guid":{"rendered":"https:\/\/kingarms.ee\/product\/tr16-sbr-308-mk-1-g-g\/"},"modified":"2025-06-28T18:40:26","modified_gmt":"2025-06-28T15:40:26","slug":"tr16-sbr-308-mk-1-g-g","status":"publish","type":"product","link":"https:\/\/kingarms.ee\/lv\/product\/tr16-sbr-308-mk-1-g-g\/","title":{"rendered":"TR16 SBR 308 MK 1 G &amp; G<br><br>"},"content":{"rendered":"<p><a href=\"https:\/\/kingarms.ee\/wp-content\/uploads\/2020\/06\/gg-electric-rifle-tr16-sbr-308-mk-i-gg-308mk1-300x300.jpg\"><img loading=\"lazy\" decoding=\"async\" class=\"alignnone size-medium\" src=\"https:\/\/kingarms.ee\/wp-content\/uploads\/2020\/06\/gg-electric-rifle-tr16-sbr-308-mk-i-gg-308mk1-300x300.jpg\" alt=\"\" width=\"300\" height=\"300\"><\/a><\/p>\n","protected":false},"excerpt":{"rendered":"<p>TR16 SBR 308 MK 1 G &amp; G<\/p>\n<p>Zema v\u0101ci\u0146a polim\u0113rs 40 k\u0101rtu \u017durn\u0101ls<\/p>\n<p>Met\u0101la rokas aizsargs un uztv\u0113r\u0113ji<\/p>\n<p>Ievelkams polim\u0113ru kr\u0101jums<\/p>\n<p>Flip-up regul\u0113jami t\u0113m\u0113k\u013ci<\/p>\n<p>Regul\u0113jams hop up<\/p>\n<p>G2 sist\u0113ma<\/p>\n<p>Sp\u0113c\u012bgs 25000rpm Motors<\/p>\n<p>8mm gultnis<\/p>\n<p>Etu un mosfet<\/p>\n<p>Uguns re\u017e\u012bms: dro\u0161s, da\u013c\u0113ji un pilns auto (3 k\u0101rtas p\u0101rspr\u0101gt konfigur\u0113jams)<\/p>\n<p>Akumulatora nodal\u012bjums iek\u0161pus\u0113 akciju caurules<\/p>\n<p>Svars 2200g<br \/>\nGarums: 760mm-820mm<br \/>\nMelna kr\u0101sa<br \/>\nAkumulators un akumulatora l\u0101d\u0113t\u0101js nav iek\u013cauts<\/p>\n","protected":false},"featured_media":153264,"template":"","meta":{"_acf_changed":false},"product_brand":[],"product_cat":[1001],"product_tag":[1317],"class_list":{"0":"post-151385","1":"product","2":"type-product","3":"status-publish","4":"has-post-thumbnail","6":"product_cat-tirdzniecibas-automati","7":"product_tag-4blss3ph-lv","9":"first","10":"instock","11":"sale","12":"taxable","13":"shipping-taxable","14":"purchasable","15":"product-type-simple"},"acf":[],"_links":{"self":[{"href":"https:\/\/kingarms.ee\/lv\/wp-json\/wp\/v2\/product\/151385","targetHints":{"allow":["GET"]}}],"collection":[{"href":"https:\/\/kingarms.ee\/lv\/wp-json\/wp\/v2\/product"}],"about":[{"href":"https:\/\/kingarms.ee\/lv\/wp-json\/wp\/v2\/types\/product"}],"wp:featuredmedia":[{"embeddable":true,"href":"https:\/\/kingarms.ee\/lv\/wp-json\/wp\/v2\/media\/153264"}],"wp:attachment":[{"href":"https:\/\/kingarms.ee\/lv\/wp-json\/wp\/v2\/media?parent=151385"}],"wp:term":[{"taxonomy":"product_brand","embeddable":true,"href":"https:\/\/kingarms.ee\/lv\/wp-json\/wp\/v2\/product_brand?post=151385"},{"taxonomy":"product_cat","embeddable":true,"href":"https:\/\/kingarms.ee\/lv\/wp-json\/wp\/v2\/product_cat?post=151385"},{"taxonomy":"product_tag","embeddable":true,"href":"https:\/\/kingarms.ee\/lv\/wp-json\/wp\/v2\/product_tag?post=151385"}],"curies":[{"name":"wp","href":"https:\/\/api.w.org\/{rel}","templated":true}]}}