{"id":151388,"date":"2020-05-30T16:23:01","date_gmt":"2025-06-28T15:41:51","guid":{"rendered":"https:\/\/kingarms.ee\/product\/rk47-g-amp-g\/"},"modified":"2025-06-28T18:41:51","modified_gmt":"2025-06-28T15:41:51","slug":"rk47-g-amp-g","status":"publish","type":"product","link":"https:\/\/kingarms.ee\/lv\/product\/rk47-g-amp-g\/","title":{"rendered":"RK47 (G &amp; amp; G)<br><br>"},"content":{"rendered":"<p><a href=\"https:\/\/kingarms.ee\/wp-content\/uploads\/2020\/05\/gg-gg47scbm-300x300.jpg\"><img loading=\"lazy\" decoding=\"async\" class=\"alignnone size-medium wp-image-27973\" src=\"https:\/\/kingarms.ee\/wp-content\/uploads\/2020\/05\/gg-gg47scbm-300x300.jpg\" alt=\"\" width=\"300\" height=\"300\" srcset=\"https:\/\/kingarms.ee\/wp-content\/uploads\/2020\/05\/gg-gg47scbm-300x300.jpg 300w, https:\/\/kingarms.ee\/wp-content\/uploads\/2020\/05\/gg-gg47scbm-150x150.jpg 150w, https:\/\/kingarms.ee\/wp-content\/uploads\/2020\/05\/gg-gg47scbm-500x500.jpg 500w, https:\/\/kingarms.ee\/wp-content\/uploads\/2020\/05\/gg-gg47scbm.jpg 600w\" sizes=\"auto, (max-width: 300px) 100vw, 300px\" \/><\/a><\/p>\n","protected":false},"excerpt":{"rendered":"<p>Ra\u017eot\u0101ja G &amp; amp;G lielgabals ir piln\u012bb\u0101 izgatavots no met\u0101la.<\/p>\n<p>Pretreakcija: n\u0113<\/p>\n<p>HOP UP: JAH<\/p>\n<p>Svars: 2440 g<\/p>\n<p>Garums: 890 mm<\/p>\n<p>Korpuss: piln\u012bb\u0101 met\u0101ls<\/p>\n<p>Gult\u0146i: 6 mm<\/p>\n<p>Iek\u0161\u0113j\u0101 caurule: 456 mm 6.04 mm<\/p>\n<p>\u0160au\u0161anas \u0101trums: 117-120ms<\/p>\n<p>Papl\u0101te: 60 lodes<\/p>\n<p>0,20 g g &amp; amp;G 1000BB kott<\/p>\n","protected":false},"featured_media":112661,"template":"","meta":{"_acf_changed":false},"product_brand":[],"product_cat":[1001],"product_tag":[1317],"class_list":{"0":"post-151388","1":"product","2":"type-product","3":"status-publish","4":"has-post-thumbnail","6":"product_cat-tirdzniecibas-automati","7":"product_tag-4blss3ph-lv","9":"first","10":"onbackorder","11":"taxable","12":"shipping-taxable","13":"product-type-simple"},"acf":[],"_links":{"self":[{"href":"https:\/\/kingarms.ee\/lv\/wp-json\/wp\/v2\/product\/151388","targetHints":{"allow":["GET"]}}],"collection":[{"href":"https:\/\/kingarms.ee\/lv\/wp-json\/wp\/v2\/product"}],"about":[{"href":"https:\/\/kingarms.ee\/lv\/wp-json\/wp\/v2\/types\/product"}],"wp:featuredmedia":[{"embeddable":true,"href":"https:\/\/kingarms.ee\/lv\/wp-json\/wp\/v2\/media\/112661"}],"wp:attachment":[{"href":"https:\/\/kingarms.ee\/lv\/wp-json\/wp\/v2\/media?parent=151388"}],"wp:term":[{"taxonomy":"product_brand","embeddable":true,"href":"https:\/\/kingarms.ee\/lv\/wp-json\/wp\/v2\/product_brand?post=151388"},{"taxonomy":"product_cat","embeddable":true,"href":"https:\/\/kingarms.ee\/lv\/wp-json\/wp\/v2\/product_cat?post=151388"},{"taxonomy":"product_tag","embeddable":true,"href":"https:\/\/kingarms.ee\/lv\/wp-json\/wp\/v2\/product_tag?post=151388"}],"curies":[{"name":"wp","href":"https:\/\/api.w.org\/{rel}","templated":true}]}}