{"id":151389,"date":"2020-05-30T18:59:19","date_gmt":"2025-06-28T15:41:53","guid":{"rendered":"https:\/\/kingarms.ee\/product\/akg-74c-gbbr-pilns-metals-labi\/"},"modified":"2025-06-28T18:41:53","modified_gmt":"2025-06-28T15:41:53","slug":"akg-74c-gbbr-pilns-metals-labi","status":"publish","type":"product","link":"https:\/\/kingarms.ee\/lv\/product\/akg-74c-gbbr-pilns-metals-labi\/","title":{"rendered":"AKG 74C GBBR pilns met\u0101ls (labi)<br><br>"},"content":{"rendered":"<p><a href=\"https:\/\/kingarms.ee\/wp-content\/uploads\/2020\/05\/img_846966_120712FB36108-300x184.jpg\"><img loading=\"lazy\" decoding=\"async\" class=\"alignnone size-medium wp-image-27940\" src=\"https:\/\/kingarms.ee\/wp-content\/uploads\/2020\/05\/img_846966_120712FB36108-300x184.jpg\" alt=\"\" width=\"300\" height=\"184\" srcset=\"https:\/\/kingarms.ee\/wp-content\/uploads\/2020\/05\/img_846966_120712FB36108-300x184.jpg 300w, https:\/\/kingarms.ee\/wp-content\/uploads\/2020\/05\/img_846966_120712FB36108-150x92.jpg 150w, https:\/\/kingarms.ee\/wp-content\/uploads\/2020\/05\/img_846966_120712FB36108-500x306.jpg 500w, https:\/\/kingarms.ee\/wp-content\/uploads\/2020\/05\/img_846966_120712FB36108-768x470.jpg 768w, https:\/\/kingarms.ee\/wp-content\/uploads\/2020\/05\/img_846966_120712FB36108.jpg 800w\" sizes=\"auto, (max-width: 300px) 100vw, 300px\" \/><\/a><\/p>\n","protected":false},"excerpt":{"rendered":"<p>Ierocis ir izgatavots no cieta met\u0101la un koka.<\/p>\n<p> Ierocim ir velkama atsitiena.<\/p>\n<p> Ra\u017eot\u0101js labi.<\/p>\n<p> Salok\u0101ms kaba.<\/p>\n<p> Fotograf\u0113\u0161anas re\u017e\u012bms ir pusautom\u0101tisks un autom\u0101tisks.<\/p>\n<p> Hop up ir regul\u0113jams.<\/p>\n<p>Ra\u017eot\u0101js: nu Airsoft<\/p>\n<p>Mode\u013ca numurs: G74C<\/p>\n<p>Materi\u0101ls: ciets met\u0101ls<\/p>\n<p>Svars: 3800g<\/p>\n<p>Garums: 665\/920 mm<\/p>\n<p>Papl\u0101tes ietilp\u012bba: 24 bumbi\u0146as (uz vietas ir pieejamas papildu papl\u0101tes)<\/p>\n<p>Rokas aizsargs: koks<\/p>\n<p>Izejas \u0101trums: 120-132 m \/ s<\/p>\n<p>Darb\u012bbas veids: G\u0101ze (Sarkana, melna)<\/p>\n<p>Uguns re\u017e\u012bms: Pusautom\u0101tisks \/ Piln\u012bb\u0101 autom\u0101tisks<\/p>\n<p>Ar jaun\u0101s paaudzes v\u0101rstiem<\/p>\n<p>Tehniskie parametri:<\/p>\n<p>Trieciens ar atsitiena simul\u0101ciju<\/p>\n<p>Jaun\u0101k\u0101s paaudzes gai\u013cus<\/p>\n<p>Regul\u0113jams hop up<\/p>\n<p><span style=\"color: #ff0000;\">Pistolei ir 3 gadu garantija<\/span><\/p>\n","protected":false},"featured_media":112649,"template":"","meta":{"_acf_changed":false},"product_brand":[],"product_cat":[1001],"product_tag":[],"class_list":{"0":"post-151389","1":"product","2":"type-product","3":"status-publish","4":"has-post-thumbnail","6":"product_cat-tirdzniecibas-automati","8":"first","9":"onbackorder","10":"taxable","11":"shipping-taxable","12":"product-type-simple"},"acf":[],"_links":{"self":[{"href":"https:\/\/kingarms.ee\/lv\/wp-json\/wp\/v2\/product\/151389","targetHints":{"allow":["GET"]}}],"collection":[{"href":"https:\/\/kingarms.ee\/lv\/wp-json\/wp\/v2\/product"}],"about":[{"href":"https:\/\/kingarms.ee\/lv\/wp-json\/wp\/v2\/types\/product"}],"wp:featuredmedia":[{"embeddable":true,"href":"https:\/\/kingarms.ee\/lv\/wp-json\/wp\/v2\/media\/112649"}],"wp:attachment":[{"href":"https:\/\/kingarms.ee\/lv\/wp-json\/wp\/v2\/media?parent=151389"}],"wp:term":[{"taxonomy":"product_brand","embeddable":true,"href":"https:\/\/kingarms.ee\/lv\/wp-json\/wp\/v2\/product_brand?post=151389"},{"taxonomy":"product_cat","embeddable":true,"href":"https:\/\/kingarms.ee\/lv\/wp-json\/wp\/v2\/product_cat?post=151389"},{"taxonomy":"product_tag","embeddable":true,"href":"https:\/\/kingarms.ee\/lv\/wp-json\/wp\/v2\/product_tag?post=151389"}],"curies":[{"name":"wp","href":"https:\/\/api.w.org\/{rel}","templated":true}]}}