{"id":151391,"date":"2020-04-02T14:21:28","date_gmt":"2025-06-28T15:42:19","guid":{"rendered":"https:\/\/kingarms.ee\/product\/beanie-melns\/"},"modified":"2025-06-28T18:42:19","modified_gmt":"2025-06-28T15:42:19","slug":"beanie-melns","status":"publish","type":"product","link":"https:\/\/kingarms.ee\/lv\/product\/beanie-melns\/","title":{"rendered":"Beanie-Melns"},"content":{"rendered":"<p><a href=\"https:\/\/kingarms.ee\/wp-content\/uploads\/2020\/04\/1152206095_1-300x200.jpg\"><img loading=\"lazy\" decoding=\"async\" class=\"alignnone size-medium wp-image-26503\" src=\"https:\/\/kingarms.ee\/wp-content\/uploads\/2020\/04\/1152206095_1-300x200.jpg\" alt=\"\" width=\"300\" height=\"200\" srcset=\"https:\/\/kingarms.ee\/wp-content\/uploads\/2020\/04\/1152206095_1-300x200.jpg 300w, https:\/\/kingarms.ee\/wp-content\/uploads\/2020\/04\/1152206095_1-150x100.jpg 150w, https:\/\/kingarms.ee\/wp-content\/uploads\/2020\/04\/1152206095_1-500x333.jpg 500w, https:\/\/kingarms.ee\/wp-content\/uploads\/2020\/04\/1152206095_1-768x512.jpg 768w, https:\/\/kingarms.ee\/wp-content\/uploads\/2020\/04\/1152206095_1.jpg 800w\" sizes=\"auto, (max-width: 300px) 100vw, 300px\" \/><\/a><\/p>\n","protected":false},"excerpt":{"rendered":"<p>Beanie-Melns<\/p>\n<p>Melna beanie ar aizdari da\u017e\u0101diem logotipiem \/ pl\u0101ksteriem priek\u0161pus\u0113 un aizmugur\u0113.<\/p>\n","protected":false},"featured_media":112355,"template":"","meta":{"_acf_changed":false},"product_brand":[],"product_cat":[1091],"product_tag":[],"class_list":{"0":"post-151391","1":"product","2":"type-product","3":"status-publish","4":"has-post-thumbnail","6":"product_cat-balaklava-cepures","8":"first","9":"instock","10":"taxable","11":"shipping-taxable","12":"purchasable","13":"product-type-simple"},"acf":[],"_links":{"self":[{"href":"https:\/\/kingarms.ee\/lv\/wp-json\/wp\/v2\/product\/151391","targetHints":{"allow":["GET"]}}],"collection":[{"href":"https:\/\/kingarms.ee\/lv\/wp-json\/wp\/v2\/product"}],"about":[{"href":"https:\/\/kingarms.ee\/lv\/wp-json\/wp\/v2\/types\/product"}],"wp:featuredmedia":[{"embeddable":true,"href":"https:\/\/kingarms.ee\/lv\/wp-json\/wp\/v2\/media\/112355"}],"wp:attachment":[{"href":"https:\/\/kingarms.ee\/lv\/wp-json\/wp\/v2\/media?parent=151391"}],"wp:term":[{"taxonomy":"product_brand","embeddable":true,"href":"https:\/\/kingarms.ee\/lv\/wp-json\/wp\/v2\/product_brand?post=151391"},{"taxonomy":"product_cat","embeddable":true,"href":"https:\/\/kingarms.ee\/lv\/wp-json\/wp\/v2\/product_cat?post=151391"},{"taxonomy":"product_tag","embeddable":true,"href":"https:\/\/kingarms.ee\/lv\/wp-json\/wp\/v2\/product_tag?post=151391"}],"curies":[{"name":"wp","href":"https:\/\/api.w.org\/{rel}","templated":true}]}}