{"id":151401,"date":"2020-03-10T14:53:12","date_gmt":"2025-06-28T15:46:31","guid":{"rendered":"https:\/\/kingarms.ee\/product\/gr4-g-amp-g\/"},"modified":"2025-06-28T18:46:31","modified_gmt":"2025-06-28T15:46:31","slug":"gr4-g-amp-g","status":"publish","type":"product","link":"https:\/\/kingarms.ee\/lv\/product\/gr4-g-amp-g\/","title":{"rendered":"GR4 (G &amp; amp; G)<br><br>"},"content":{"rendered":"<p><a href=\"https:\/\/kingarms.ee\/wp-content\/uploads\/2020\/03\/1152196971_2-300x204.jpg\"><img loading=\"lazy\" decoding=\"async\" class=\"alignnone size-medium wp-image-25822\" src=\"https:\/\/kingarms.ee\/wp-content\/uploads\/2020\/03\/1152196971_2-300x204.jpg\" alt=\"\" width=\"300\" height=\"204\" srcset=\"https:\/\/kingarms.ee\/wp-content\/uploads\/2020\/03\/1152196971_2-300x204.jpg 300w, https:\/\/kingarms.ee\/wp-content\/uploads\/2020\/03\/1152196971_2-150x102.jpg 150w, https:\/\/kingarms.ee\/wp-content\/uploads\/2020\/03\/1152196971_2-500x341.jpg 500w, https:\/\/kingarms.ee\/wp-content\/uploads\/2020\/03\/1152196971_2-768x523.jpg 768w, https:\/\/kingarms.ee\/wp-content\/uploads\/2020\/03\/1152196971_2.jpg 800w\" sizes=\"auto, (max-width: 300px) 100vw, 300px\" \/><\/a><\/p>\n","protected":false},"excerpt":{"rendered":"<p>GR4 (G &amp; amp; G)<\/p>\n<p><span style=\"color: #000000;\">Nosaukums: GR4<\/p>\n<p>Ra\u017eot\u0101js: G &amp; amp; G<\/p>\n<p>Garantija: 12 m\u0113ne\u0161i<\/p>\n<p>Okemtrums [FPS] ~ 340<\/p>\n<p>Vilces \/ baro\u0161anas avots: Elektrisks<\/p>\n<p>P\u0101rnesumk\u0101rbas versija: V2 P\u0101rnesumk\u0101rba<\/p>\n<p>\u0160au\u0161anas re\u017e\u012bms: viens, autom\u0101tisks<\/p>\n<p>Izgatavots no: met\u0101la + plastmasas<\/p>\n<p>Garums (mm): 520-770<\/p>\n<p>Caurules iek\u0161\u0113jais garums (mm): 233<\/p>\n<p>Svars [g]: 3100<\/p>\n<p>Iek\u013cauts akumulators: n\u0113<\/p>\n<p>Papl\u0101tes Tips: papl\u0101te Hi-Cap<\/p>\n<p>Papl\u0101tes ietilp\u012bba (gab.): 450<\/p>\n<p>Hop-Up: J\u0101<\/p>\n<p>Atsitiens: J\u0101 (elektrisks)<\/span><\/p>\n","protected":false},"featured_media":112142,"template":"","meta":{"_acf_changed":false},"product_brand":[],"product_cat":[1001],"product_tag":[1317],"class_list":{"0":"post-151401","1":"product","2":"type-product","3":"status-publish","4":"has-post-thumbnail","6":"product_cat-tirdzniecibas-automati","7":"product_tag-4blss3ph-lv","9":"first","10":"instock","11":"sale","12":"taxable","13":"shipping-taxable","14":"purchasable","15":"product-type-simple"},"acf":[],"_links":{"self":[{"href":"https:\/\/kingarms.ee\/lv\/wp-json\/wp\/v2\/product\/151401","targetHints":{"allow":["GET"]}}],"collection":[{"href":"https:\/\/kingarms.ee\/lv\/wp-json\/wp\/v2\/product"}],"about":[{"href":"https:\/\/kingarms.ee\/lv\/wp-json\/wp\/v2\/types\/product"}],"wp:featuredmedia":[{"embeddable":true,"href":"https:\/\/kingarms.ee\/lv\/wp-json\/wp\/v2\/media\/112142"}],"wp:attachment":[{"href":"https:\/\/kingarms.ee\/lv\/wp-json\/wp\/v2\/media?parent=151401"}],"wp:term":[{"taxonomy":"product_brand","embeddable":true,"href":"https:\/\/kingarms.ee\/lv\/wp-json\/wp\/v2\/product_brand?post=151401"},{"taxonomy":"product_cat","embeddable":true,"href":"https:\/\/kingarms.ee\/lv\/wp-json\/wp\/v2\/product_cat?post=151401"},{"taxonomy":"product_tag","embeddable":true,"href":"https:\/\/kingarms.ee\/lv\/wp-json\/wp\/v2\/product_tag?post=151401"}],"curies":[{"name":"wp","href":"https:\/\/api.w.org\/{rel}","templated":true}]}}