{"id":151403,"date":"2020-01-03T19:44:45","date_gmt":"2025-06-28T15:47:22","guid":{"rendered":"https:\/\/kingarms.ee\/product\/kiveres-parsegs-multicam-2\/"},"modified":"2025-06-28T18:47:22","modified_gmt":"2025-06-28T15:47:22","slug":"kiveres-parsegs-multicam-2","status":"publish","type":"product","link":"https:\/\/kingarms.ee\/lv\/product\/kiveres-parsegs-multicam-2\/","title":{"rendered":"\u0136iveres P\u0101rsegs-Multicam<br><br>"},"content":{"rendered":"<p><a href=\"https:\/\/kingarms.ee\/wp-content\/uploads\/2020\/01\/5c46ee635330a-300x210.png\"><img loading=\"lazy\" decoding=\"async\" class=\"alignnone size-medium wp-image-25020\" src=\"https:\/\/kingarms.ee\/wp-content\/uploads\/2020\/01\/5c46ee635330a-300x210.png\" alt=\"\" width=\"300\" height=\"210\" srcset=\"https:\/\/kingarms.ee\/wp-content\/uploads\/2020\/01\/5c46ee635330a-300x210.png 300w, https:\/\/kingarms.ee\/wp-content\/uploads\/2020\/01\/5c46ee635330a-150x105.png 150w, https:\/\/kingarms.ee\/wp-content\/uploads\/2020\/01\/5c46ee635330a-500x350.png 500w, https:\/\/kingarms.ee\/wp-content\/uploads\/2020\/01\/5c46ee635330a.png 750w\" sizes=\"auto, (max-width: 300px) 100vw, 300px\" \/><\/a><\/p>\n","protected":false},"excerpt":{"rendered":"<p>\u0136iveres P\u0101rsegs-Multicam<\/p>\n<p>Multicam (MC) \u0137ivere v\u0101ks \u0101tri tipa \u0137iveres. NB! \u0136ivere nav iek\u013cauta.<\/p>\n","protected":false},"featured_media":111898,"template":"","meta":{"_acf_changed":false},"product_brand":[],"product_cat":[1079],"product_tag":[],"class_list":{"0":"post-151403","1":"product","2":"type-product","3":"status-publish","4":"has-post-thumbnail","6":"product_cat-kivera-stiprinajums","8":"first","9":"onbackorder","10":"taxable","11":"shipping-taxable","12":"product-type-simple"},"acf":[],"_links":{"self":[{"href":"https:\/\/kingarms.ee\/lv\/wp-json\/wp\/v2\/product\/151403","targetHints":{"allow":["GET"]}}],"collection":[{"href":"https:\/\/kingarms.ee\/lv\/wp-json\/wp\/v2\/product"}],"about":[{"href":"https:\/\/kingarms.ee\/lv\/wp-json\/wp\/v2\/types\/product"}],"wp:featuredmedia":[{"embeddable":true,"href":"https:\/\/kingarms.ee\/lv\/wp-json\/wp\/v2\/media\/111898"}],"wp:attachment":[{"href":"https:\/\/kingarms.ee\/lv\/wp-json\/wp\/v2\/media?parent=151403"}],"wp:term":[{"taxonomy":"product_brand","embeddable":true,"href":"https:\/\/kingarms.ee\/lv\/wp-json\/wp\/v2\/product_brand?post=151403"},{"taxonomy":"product_cat","embeddable":true,"href":"https:\/\/kingarms.ee\/lv\/wp-json\/wp\/v2\/product_cat?post=151403"},{"taxonomy":"product_tag","embeddable":true,"href":"https:\/\/kingarms.ee\/lv\/wp-json\/wp\/v2\/product_tag?post=151403"}],"curies":[{"name":"wp","href":"https:\/\/api.w.org\/{rel}","templated":true}]}}