{"id":151405,"date":"2020-01-03T15:45:54","date_gmt":"2025-06-28T15:47:55","guid":{"rendered":"https:\/\/kingarms.ee\/product\/aizkaveta-gen-2\/"},"modified":"2025-06-28T18:47:55","modified_gmt":"2025-06-28T15:47:55","slug":"aizkaveta-gen-2","status":"publish","type":"product","link":"https:\/\/kingarms.ee\/lv\/product\/aizkaveta-gen-2\/","title":{"rendered":"Aizkav\u0113ta (Gen 2)"},"content":{"rendered":"<p><a href=\"https:\/\/kingarms.ee\/wp-content\/uploads\/2020\/01\/Zhenlong-Enhanced-Tappet-Delayer-for-JM-Gen-8-9-Water-Gel-Beads-Blaster-Metal-Gear-Modificaton-300x300.jpg\"><img loading=\"lazy\" decoding=\"async\" class=\"alignnone size-medium wp-image-24983\" src=\"https:\/\/kingarms.ee\/wp-content\/uploads\/2020\/01\/Zhenlong-Enhanced-Tappet-Delayer-for-JM-Gen-8-9-Water-Gel-Beads-Blaster-Metal-Gear-Modificaton-300x300.jpg\" alt=\"\" width=\"300\" height=\"300\" srcset=\"https:\/\/kingarms.ee\/wp-content\/uploads\/2020\/01\/Zhenlong-Enhanced-Tappet-Delayer-for-JM-Gen-8-9-Water-Gel-Beads-Blaster-Metal-Gear-Modificaton-300x300.jpg 300w, https:\/\/kingarms.ee\/wp-content\/uploads\/2020\/01\/Zhenlong-Enhanced-Tappet-Delayer-for-JM-Gen-8-9-Water-Gel-Beads-Blaster-Metal-Gear-Modificaton-150x150.jpg 150w, https:\/\/kingarms.ee\/wp-content\/uploads\/2020\/01\/Zhenlong-Enhanced-Tappet-Delayer-for-JM-Gen-8-9-Water-Gel-Beads-Blaster-Metal-Gear-Modificaton-500x500.jpg 500w, https:\/\/kingarms.ee\/wp-content\/uploads\/2020\/01\/Zhenlong-Enhanced-Tappet-Delayer-for-JM-Gen-8-9-Water-Gel-Beads-Blaster-Metal-Gear-Modificaton-768x768.jpg 768w, https:\/\/kingarms.ee\/wp-content\/uploads\/2020\/01\/Zhenlong-Enhanced-Tappet-Delayer-for-JM-Gen-8-9-Water-Gel-Beads-Blaster-Metal-Gear-Modificaton.jpg 1024w\" sizes=\"auto, (max-width: 300px) 100vw, 300px\" \/><\/a><\/p>\n","protected":false},"excerpt":{"rendered":"<p>Delayer pal\u012bdz uzlabot lo\u017eu baro\u0161anas probl\u0113mas, \u0101tr\u0101k noregul\u0113jot ieroci.<\/p>\n","protected":false},"featured_media":111890,"template":"","meta":{"_acf_changed":false},"product_brand":[],"product_cat":[1107],"product_tag":[],"class_list":{"0":"post-151405","1":"product","2":"type-product","3":"status-publish","4":"has-post-thumbnail","6":"product_cat-noregulesana","8":"first","9":"instock","10":"taxable","11":"shipping-taxable","12":"purchasable","13":"product-type-simple"},"acf":[],"_links":{"self":[{"href":"https:\/\/kingarms.ee\/lv\/wp-json\/wp\/v2\/product\/151405","targetHints":{"allow":["GET"]}}],"collection":[{"href":"https:\/\/kingarms.ee\/lv\/wp-json\/wp\/v2\/product"}],"about":[{"href":"https:\/\/kingarms.ee\/lv\/wp-json\/wp\/v2\/types\/product"}],"wp:featuredmedia":[{"embeddable":true,"href":"https:\/\/kingarms.ee\/lv\/wp-json\/wp\/v2\/media\/111890"}],"wp:attachment":[{"href":"https:\/\/kingarms.ee\/lv\/wp-json\/wp\/v2\/media?parent=151405"}],"wp:term":[{"taxonomy":"product_brand","embeddable":true,"href":"https:\/\/kingarms.ee\/lv\/wp-json\/wp\/v2\/product_brand?post=151405"},{"taxonomy":"product_cat","embeddable":true,"href":"https:\/\/kingarms.ee\/lv\/wp-json\/wp\/v2\/product_cat?post=151405"},{"taxonomy":"product_tag","embeddable":true,"href":"https:\/\/kingarms.ee\/lv\/wp-json\/wp\/v2\/product_tag?post=151405"}],"curies":[{"name":"wp","href":"https:\/\/api.w.org\/{rel}","templated":true}]}}