{"id":151408,"date":"2019-10-07T18:59:30","date_gmt":"2019-10-07T15:59:30","guid":{"rendered":"https:\/\/kingarms.ee\/product\/pustolamb-mk50-karaliskais\/"},"modified":"2025-06-28T18:49:56","modified_gmt":"2025-06-28T15:49:56","slug":"pustolamb-mk50-karaliskais","status":"publish","type":"product","link":"https:\/\/kingarms.ee\/lv\/product\/pustolamb-mk50-karaliskais\/","title":{"rendered":"P\u00fcstolamb MK50 (Karaliskais)<br><br>"},"content":{"rendered":"<p><img loading=\"lazy\" decoding=\"async\" class=\"alignnone size-full wp-image-75123\" src=\"https:\/\/kingarms.ee\/wp-content\/uploads\/2019\/10\/%D0%9C%D0%9A50-1.jpg\" alt=\"\" width=\"1000\" height=\"1000\"><\/p>\n","protected":false},"excerpt":{"rendered":"<p>MK50 (Karaliskais)<\/p>\n<p>Autom\u0101ts<\/p>\n<p><strong>Ristluu<\/strong> t\u00f5mbetugevusega 50 naela.<\/p>\n<p>Ar Ammu n\u0101k 5 bulti\u0146as.<\/p>\n<p>Gar\u0161 loka iztur\u012bgs alum\u012bnija sakaus\u0113jums,<\/p>\n<p>korpuss izgatavots no stipras ABS plastmasas.<\/p>\n<p>\u013boti viegli dusin\u0101t.<\/p>\n<p>Uzman\u012bbu: \u0161\u012b nav rota\u013clieta.<\/p>\n<p>Pieaugu\u0161o uzraudz\u012bba ir nepiecie\u0161ama gan mont\u0101\u017eai, gan \u0161au\u0161anai.<\/p>\n","protected":false},"featured_media":127448,"template":"","meta":{"_acf_changed":false},"product_brand":[],"product_cat":[1013,1014],"product_tag":[],"class_list":{"0":"post-151408","1":"product","2":"type-product","3":"status-publish","4":"has-post-thumbnail","6":"product_cat-loki-un-sen","7":"product_cat-sens","9":"first","10":"instock","11":"sale","12":"taxable","13":"shipping-taxable","14":"purchasable","15":"product-type-simple"},"acf":[],"_links":{"self":[{"href":"https:\/\/kingarms.ee\/lv\/wp-json\/wp\/v2\/product\/151408","targetHints":{"allow":["GET"]}}],"collection":[{"href":"https:\/\/kingarms.ee\/lv\/wp-json\/wp\/v2\/product"}],"about":[{"href":"https:\/\/kingarms.ee\/lv\/wp-json\/wp\/v2\/types\/product"}],"wp:featuredmedia":[{"embeddable":true,"href":"https:\/\/kingarms.ee\/lv\/wp-json\/wp\/v2\/media\/127448"}],"wp:attachment":[{"href":"https:\/\/kingarms.ee\/lv\/wp-json\/wp\/v2\/media?parent=151408"}],"wp:term":[{"taxonomy":"product_brand","embeddable":true,"href":"https:\/\/kingarms.ee\/lv\/wp-json\/wp\/v2\/product_brand?post=151408"},{"taxonomy":"product_cat","embeddable":true,"href":"https:\/\/kingarms.ee\/lv\/wp-json\/wp\/v2\/product_cat?post=151408"},{"taxonomy":"product_tag","embeddable":true,"href":"https:\/\/kingarms.ee\/lv\/wp-json\/wp\/v2\/product_tag?post=151408"}],"curies":[{"name":"wp","href":"https:\/\/api.w.org\/{rel}","templated":true}]}}