{"id":151458,"date":"2022-12-19T16:59:42","date_gmt":"2025-06-29T09:59:19","guid":{"rendered":"https:\/\/kingarms.ee\/product\/tuksa-pistole-92-9mm-bruni\/"},"modified":"2025-06-29T12:59:19","modified_gmt":"2025-06-29T09:59:19","slug":"tuksa-pistole-92-9mm-bruni","status":"publish","type":"product","link":"https:\/\/kingarms.ee\/lv\/product\/tuksa-pistole-92-9mm-bruni\/","title":{"rendered":"Tuk\u0161a pistole 92 9mm [Bruni]"},"content":{"rendered":"","protected":false},"excerpt":{"rendered":"<p>Tuk\u0161a pistole 92 9mm [Bruni]<\/p>\n<p>aug\u0161\u0113j\u0101 \u0161au\u0161anas tuk\u0161a pistole<br \/>\n11 k\u0101rtas \u017eurn\u0101ls<br \/>\n9mm pak kalibrs<br \/>\ndubult\u0101 darb\u012bba<br \/>\nsemi-auto<br \/>\ngarums 220mm<br \/>\nsvars 1100g<\/p>\n","protected":false},"featured_media":125954,"template":"","meta":{"_acf_changed":false},"product_brand":[],"product_cat":[1010],"product_tag":[],"class_list":{"0":"post-151458","1":"product","2":"type-product","3":"status-publish","4":"has-post-thumbnail","6":"product_cat-starta-pistoles","8":"first","9":"instock","10":"purchasable","11":"product-type-simple"},"acf":[],"_links":{"self":[{"href":"https:\/\/kingarms.ee\/lv\/wp-json\/wp\/v2\/product\/151458","targetHints":{"allow":["GET"]}}],"collection":[{"href":"https:\/\/kingarms.ee\/lv\/wp-json\/wp\/v2\/product"}],"about":[{"href":"https:\/\/kingarms.ee\/lv\/wp-json\/wp\/v2\/types\/product"}],"wp:featuredmedia":[{"embeddable":true,"href":"https:\/\/kingarms.ee\/lv\/wp-json\/wp\/v2\/media\/125954"}],"wp:attachment":[{"href":"https:\/\/kingarms.ee\/lv\/wp-json\/wp\/v2\/media?parent=151458"}],"wp:term":[{"taxonomy":"product_brand","embeddable":true,"href":"https:\/\/kingarms.ee\/lv\/wp-json\/wp\/v2\/product_brand?post=151458"},{"taxonomy":"product_cat","embeddable":true,"href":"https:\/\/kingarms.ee\/lv\/wp-json\/wp\/v2\/product_cat?post=151458"},{"taxonomy":"product_tag","embeddable":true,"href":"https:\/\/kingarms.ee\/lv\/wp-json\/wp\/v2\/product_tag?post=151458"}],"curies":[{"name":"wp","href":"https:\/\/api.w.org\/{rel}","templated":true}]}}