{"id":151473,"date":"2022-11-14T16:48:32","date_gmt":"2025-06-29T10:16:54","guid":{"rendered":"https:\/\/kingarms.ee\/product\/kabatas-saliekamais-nazis-sck\/"},"modified":"2025-08-03T17:29:18","modified_gmt":"2025-08-03T14:29:18","slug":"kabatas-saliekamais-nazis-sck","status":"publish","type":"product","link":"https:\/\/kingarms.ee\/lv\/product\/kabatas-saliekamais-nazis-sck\/","title":{"rendered":"Kabatas saliekamais nazis [sck]"},"content":{"rendered":"","protected":false},"excerpt":{"rendered":"<p>Kabatas saliekamais nazis [sck]<br \/>\nNer\u016bs\u0113jo\u0161\u0101 t\u0113rauda asmens<br \/>\nner\u016bs\u0113jo\u0161\u0101 t\u0113rauda un koka rokturis<br \/>\njostas klips<br \/>\nl\u012bnijp\u0101rvad\u0101t\u0101ju sl\u0113dzene<br \/>\n\u012bk\u0161\u0137is stud<br \/>\nsl\u0113gts garums 115mm<br \/>\nkop\u0113jais garums 210mm<br \/>\nsvars 170g<\/p>\n","protected":false},"featured_media":125454,"template":"","meta":{"_acf_changed":false},"product_brand":[],"product_cat":[991],"product_tag":[],"class_list":{"0":"post-151473","1":"product","2":"type-product","3":"status-publish","4":"has-post-thumbnail","6":"product_cat-nazi","8":"first","9":"onbackorder","10":"product-type-simple"},"acf":[],"_links":{"self":[{"href":"https:\/\/kingarms.ee\/lv\/wp-json\/wp\/v2\/product\/151473","targetHints":{"allow":["GET"]}}],"collection":[{"href":"https:\/\/kingarms.ee\/lv\/wp-json\/wp\/v2\/product"}],"about":[{"href":"https:\/\/kingarms.ee\/lv\/wp-json\/wp\/v2\/types\/product"}],"wp:featuredmedia":[{"embeddable":true,"href":"https:\/\/kingarms.ee\/lv\/wp-json\/wp\/v2\/media\/125454"}],"wp:attachment":[{"href":"https:\/\/kingarms.ee\/lv\/wp-json\/wp\/v2\/media?parent=151473"}],"wp:term":[{"taxonomy":"product_brand","embeddable":true,"href":"https:\/\/kingarms.ee\/lv\/wp-json\/wp\/v2\/product_brand?post=151473"},{"taxonomy":"product_cat","embeddable":true,"href":"https:\/\/kingarms.ee\/lv\/wp-json\/wp\/v2\/product_cat?post=151473"},{"taxonomy":"product_tag","embeddable":true,"href":"https:\/\/kingarms.ee\/lv\/wp-json\/wp\/v2\/product_tag?post=151473"}],"curies":[{"name":"wp","href":"https:\/\/api.w.org\/{rel}","templated":true}]}}