{"id":151477,"date":"2022-11-14T16:48:32","date_gmt":"2025-06-29T10:18:06","guid":{"rendered":"https:\/\/kingarms.ee\/product\/revolveris-co2-45-mm-bruni\/"},"modified":"2025-08-03T17:30:57","modified_gmt":"2025-08-03T14:30:57","slug":"revolveris-co2-45-mm-bruni","status":"publish","type":"product","link":"https:\/\/kingarms.ee\/lv\/product\/revolveris-co2-45-mm-bruni\/","title":{"rendered":"Revolveris Co2 4,5 mm [bruni]"},"content":{"rendered":"","protected":false},"excerpt":{"rendered":"<p>Revolveris Co2 4,5 mm [bruni]<br \/>\nKalibrs 4,5 mm<br \/>\npilns met\u0101ls<br \/>\n6 k\u0101rtas bungu \u017durn\u0101ls<br \/>\nmucas garums 6 collas<br \/>\ndro\u0161\u012bbas sl\u0113dzene, viena \u0161\u0101viena<br \/>\n6 shotshells, \u0101truma iekr\u0101v\u0113js un dzelzce\u013ca iek\u013cauts<br \/>\nvid\u0113j\u0101 jauda 2,32 j (apm\u0113ram 115m\/s ar 0,35 g t\u0113rauda bbs)<br \/>\ngarums 295mm<br \/>\nsvars 970g<\/p>\n","protected":false},"featured_media":125436,"template":"","meta":{"_acf_changed":false},"product_brand":[],"product_cat":[1005],"product_tag":[],"class_list":{"0":"post-151477","1":"product","2":"type-product","3":"status-publish","4":"has-post-thumbnail","6":"product_cat-rokas-pistoles-lv","8":"first","9":"onbackorder","10":"product-type-simple"},"acf":[],"_links":{"self":[{"href":"https:\/\/kingarms.ee\/lv\/wp-json\/wp\/v2\/product\/151477","targetHints":{"allow":["GET"]}}],"collection":[{"href":"https:\/\/kingarms.ee\/lv\/wp-json\/wp\/v2\/product"}],"about":[{"href":"https:\/\/kingarms.ee\/lv\/wp-json\/wp\/v2\/types\/product"}],"wp:featuredmedia":[{"embeddable":true,"href":"https:\/\/kingarms.ee\/lv\/wp-json\/wp\/v2\/media\/125436"}],"wp:attachment":[{"href":"https:\/\/kingarms.ee\/lv\/wp-json\/wp\/v2\/media?parent=151477"}],"wp:term":[{"taxonomy":"product_brand","embeddable":true,"href":"https:\/\/kingarms.ee\/lv\/wp-json\/wp\/v2\/product_brand?post=151477"},{"taxonomy":"product_cat","embeddable":true,"href":"https:\/\/kingarms.ee\/lv\/wp-json\/wp\/v2\/product_cat?post=151477"},{"taxonomy":"product_tag","embeddable":true,"href":"https:\/\/kingarms.ee\/lv\/wp-json\/wp\/v2\/product_tag?post=151477"}],"curies":[{"name":"wp","href":"https:\/\/api.w.org\/{rel}","templated":true}]}}