{"id":151478,"date":"2022-11-14T16:48:22","date_gmt":"2025-06-29T10:18:44","guid":{"rendered":"https:\/\/kingarms.ee\/product\/elektriska-sautene-stubby-5-a-k\/"},"modified":"2025-08-03T17:43:40","modified_gmt":"2025-08-03T14:43:40","slug":"elektriska-sautene-stubby-5-a-k","status":"publish","type":"product","link":"https:\/\/kingarms.ee\/lv\/product\/elektriska-sautene-stubby-5-a-k\/","title":{"rendered":"Elektrisk\u0101 \u0161autene Stubby-5 A &amp; k"},"content":{"rendered":"","protected":false},"excerpt":{"rendered":"<p>Elektrisk\u0101 \u0161autene Stubby-5 A &amp; k<br \/>\nmet\u0101la aug\u0161\u0113jie un apak\u0161\u0113jie uztv\u0113r\u0113ji<br \/>\nmet\u0101la hi-cap \u017durn\u0101ls 150 k\u0101rtas<br \/>\nflip-up regul\u0113jami t\u0113m\u0113k\u013ci<br \/>\npolim\u0113ru vertik\u0101l\u0101 sa\u0137ere<br \/>\npolim\u0113ru celt\u0146a kr\u0101jums<br \/>\nuguns re\u017e\u012bms: dro\u0161s, viens \u0161\u0101viens un p\u0101rspr\u0101gt<br \/>\ngarums 655mm-720mm<br \/>\nsvars 2750g<\/p>\n","protected":false},"featured_media":125472,"template":"","meta":{"_acf_changed":false},"product_brand":[],"product_cat":[1001],"product_tag":[],"class_list":{"0":"post-151478","1":"product","2":"type-product","3":"status-publish","4":"has-post-thumbnail","6":"product_cat-tirdzniecibas-automati","8":"first","9":"onbackorder","10":"sale","11":"product-type-simple"},"acf":[],"_links":{"self":[{"href":"https:\/\/kingarms.ee\/lv\/wp-json\/wp\/v2\/product\/151478","targetHints":{"allow":["GET"]}}],"collection":[{"href":"https:\/\/kingarms.ee\/lv\/wp-json\/wp\/v2\/product"}],"about":[{"href":"https:\/\/kingarms.ee\/lv\/wp-json\/wp\/v2\/types\/product"}],"wp:featuredmedia":[{"embeddable":true,"href":"https:\/\/kingarms.ee\/lv\/wp-json\/wp\/v2\/media\/125472"}],"wp:attachment":[{"href":"https:\/\/kingarms.ee\/lv\/wp-json\/wp\/v2\/media?parent=151478"}],"wp:term":[{"taxonomy":"product_brand","embeddable":true,"href":"https:\/\/kingarms.ee\/lv\/wp-json\/wp\/v2\/product_brand?post=151478"},{"taxonomy":"product_cat","embeddable":true,"href":"https:\/\/kingarms.ee\/lv\/wp-json\/wp\/v2\/product_cat?post=151478"},{"taxonomy":"product_tag","embeddable":true,"href":"https:\/\/kingarms.ee\/lv\/wp-json\/wp\/v2\/product_tag?post=151478"}],"curies":[{"name":"wp","href":"https:\/\/api.w.org\/{rel}","templated":true}]}}