{"id":151479,"date":"2022-11-07T14:08:07","date_gmt":"2022-11-07T11:08:07","guid":{"rendered":"https:\/\/kingarms.ee\/product\/x2-fotografesana-veiktspejas-apmacibas-sistema-mantis\/"},"modified":"2025-08-03T17:53:08","modified_gmt":"2025-08-03T14:53:08","slug":"x2-fotografesana-veiktspejas-apmacibas-sistema-mantis","status":"publish","type":"product","link":"https:\/\/kingarms.ee\/lv\/product\/x2-fotografesana-veiktspejas-apmacibas-sistema-mantis\/","title":{"rendered":"X2 fotograf\u0113\u0161ana Veiktsp\u0113jas apm\u0101c\u012bbas sist\u0113ma Mantis"},"content":{"rendered":"","protected":false},"excerpt":{"rendered":"<p>X2 fotograf\u0113\u0161ana Veiktsp\u0113jas apm\u0101c\u012bbas sist\u0113ma Mantis<\/p>\n<p>Mantis X2 ir ier\u012bce, kas, uzst\u0101dot uz gara vai \u012bsa iero\u010da (uz 22 mm Picatinny sliedes), analiz\u0113 iero\u010da kust\u012bbas diapazonu, velkot spr\u016bda m\u0113li, atkl\u0101j iero\u010da \u0161au\u0161anu un skaidri nor\u0101da m\u016bsu pie\u013caut\u0101s \u0161au\u0161anas k\u013c\u016bdas.<\/p>\n<p>Sist\u0113ma uztver m\u016bsu tr\u016bkumus un sniedz v\u0113rt\u012bgus padomus, k\u0101 uzlabot m\u016bsu \u0161au\u0161anas motoru un tehniku. Mantis X ir person\u012bgais treneris, kas efekt\u012bvi atbalsta apm\u0101c\u012bbu pat m\u0101j\u0101s.<\/p>\n<p>Ier\u012bce nav sinhroniz\u0113ta ar m\u0113r\u0137i tikai ar ieroci, uz kura t\u0101 ir uzst\u0101d\u012bta, kas garant\u0113 visaugst\u0101ko m\u0113r\u012bjumu precizit\u0101ti. Lai darbin\u0101tu Mantis X2 sist\u0113mu, ir nepiecie\u0161ams viedt\u0101lrunis\/plan\u0161etdators ar instal\u0113tu bezmaksas lietotni (lejupiel\u0101d\u0113jama Android un IOS platform\u0101m).<\/p>\n<p>Ier\u012bce, uzl\u0101d\u0113jot, nodro\u0161ina nep\u0101rtrauktu darb\u012bbu l\u012bdz 20 stund\u0101m! To var uzl\u0101d\u0113t ar t\u012bkla l\u0101d\u0113t\u0101ju vai izmantojot str\u0101vas banku.<\/p>\n<p>Mantis X2 ir efekt\u012bva apm\u0101c\u012bbas sist\u0113ma ies\u0101c\u0113jiem un progres\u012bviem \u0161\u0101v\u0113jiem, kas \u013cauj mums uzreiz no\u0137ert k\u013c\u016bdas, kuras m\u0113s pie\u013caujam, un identific\u0113t efekt\u012bvus \u0161o probl\u0113mu risin\u0101jumus.<\/p>\n","protected":false},"featured_media":125126,"template":"","meta":{"_acf_changed":false},"product_brand":[],"product_cat":[1025],"product_tag":[],"class_list":{"0":"post-151479","1":"product","2":"type-product","3":"status-publish","4":"has-post-thumbnail","6":"product_cat-sausana","8":"first","9":"outofstock","10":"sale","11":"purchasable","12":"product-type-simple"},"acf":[],"_links":{"self":[{"href":"https:\/\/kingarms.ee\/lv\/wp-json\/wp\/v2\/product\/151479","targetHints":{"allow":["GET"]}}],"collection":[{"href":"https:\/\/kingarms.ee\/lv\/wp-json\/wp\/v2\/product"}],"about":[{"href":"https:\/\/kingarms.ee\/lv\/wp-json\/wp\/v2\/types\/product"}],"wp:featuredmedia":[{"embeddable":true,"href":"https:\/\/kingarms.ee\/lv\/wp-json\/wp\/v2\/media\/125126"}],"wp:attachment":[{"href":"https:\/\/kingarms.ee\/lv\/wp-json\/wp\/v2\/media?parent=151479"}],"wp:term":[{"taxonomy":"product_brand","embeddable":true,"href":"https:\/\/kingarms.ee\/lv\/wp-json\/wp\/v2\/product_brand?post=151479"},{"taxonomy":"product_cat","embeddable":true,"href":"https:\/\/kingarms.ee\/lv\/wp-json\/wp\/v2\/product_cat?post=151479"},{"taxonomy":"product_tag","embeddable":true,"href":"https:\/\/kingarms.ee\/lv\/wp-json\/wp\/v2\/product_tag?post=151479"}],"curies":[{"name":"wp","href":"https:\/\/api.w.org\/{rel}","templated":true}]}}