{"id":151480,"date":"2022-11-07T14:08:07","date_gmt":"2025-06-29T10:19:41","guid":{"rendered":"https:\/\/kingarms.ee\/product\/viper-pst-gen-ii5-25x50-ffp-virpulis\/"},"modified":"2025-08-03T17:54:25","modified_gmt":"2025-08-03T14:54:25","slug":"viper-pst-gen-ii5-25x50-ffp-virpulis","status":"publish","type":"product","link":"https:\/\/kingarms.ee\/lv\/product\/viper-pst-gen-ii5-25x50-ffp-virpulis\/","title":{"rendered":"Viper PST Gen II5-25X50 FFP virpulis"},"content":{"rendered":"","protected":false},"excerpt":{"rendered":"<p>Viper PST Gen II5-25X50 FFP virpulis<\/p>\n<p>Viper PST GenII sniedz negod\u012bgas priek\u0161roc\u012bbas \u0161\u0101v\u0113jiem, kuri cen\u0161as saglab\u0101t p\u0101rsvaru katr\u0101 situ\u0101cij\u0101 no tuv\u0101m ceturtda\u013c\u0101m l\u012bdz t\u0101lmetieniem. Apgaismojuma ciparn\u012bca ir t\u012bri integr\u0113ta s\u0101nu fokusa regul\u0113\u0161anas pog\u0101, lai t\u0101 b\u016btu \u0113rti pieejama un racionaliz\u0113ta. Stikla iegrav\u0113ts t\u012bkli\u0146\u0161 pied\u0101v\u0101 \u0161\u0101v\u0113jiem \u013coti funkcion\u0101lus, intuit\u012bvus un detaliz\u0113tus aiztur\u0113\u0161anas punktus, tom\u0113r tas paliek nep\u0101rbl\u012bv\u0113ts optim\u0101lai apskatei, un taj\u0101 ir 10 intensit\u0101tes l\u012bme\u0146i ar izsl\u0113gt\u0101m poz\u012bcij\u0101m starp katru iestat\u012bjumu.<br \/>\nPalielin\u0101jums 5-25x<br \/>\nObjekt\u012bva objekt\u012bva diametrs 50mm<br \/>\nAcu atvieglojums 3,4 collas<br \/>\nRedzes lauks 24,1 &#8211; 4,8 p\u0113das \/ 100 Jardi<br \/>\nCaurules izm\u0113rs 30 mm<br \/>\nTorn\u012btis Stila Taktisk\u0101<br \/>\nKorekcijas grad\u0101cija 1\/4 MOA<br \/>\nBrauciens uz rot\u0101ciju 25 MOA<br \/>\nMaksim\u0101l\u0101 augstuma regul\u0113\u0161ana 70 MOA<br \/>\nMaksim\u0101l\u0101 v\u0113ja regul\u0113\u0161ana 35 MOA<\/p>\n","protected":false},"featured_media":125154,"template":"","meta":{"_acf_changed":false},"product_brand":[],"product_cat":[1030],"product_tag":[],"class_list":{"0":"post-151480","1":"product","2":"type-product","3":"status-publish","4":"has-post-thumbnail","6":"product_cat-optiskais-merkis","8":"first","9":"instock","10":"sale","11":"purchasable","12":"product-type-simple"},"acf":[],"_links":{"self":[{"href":"https:\/\/kingarms.ee\/lv\/wp-json\/wp\/v2\/product\/151480","targetHints":{"allow":["GET"]}}],"collection":[{"href":"https:\/\/kingarms.ee\/lv\/wp-json\/wp\/v2\/product"}],"about":[{"href":"https:\/\/kingarms.ee\/lv\/wp-json\/wp\/v2\/types\/product"}],"wp:featuredmedia":[{"embeddable":true,"href":"https:\/\/kingarms.ee\/lv\/wp-json\/wp\/v2\/media\/125154"}],"wp:attachment":[{"href":"https:\/\/kingarms.ee\/lv\/wp-json\/wp\/v2\/media?parent=151480"}],"wp:term":[{"taxonomy":"product_brand","embeddable":true,"href":"https:\/\/kingarms.ee\/lv\/wp-json\/wp\/v2\/product_brand?post=151480"},{"taxonomy":"product_cat","embeddable":true,"href":"https:\/\/kingarms.ee\/lv\/wp-json\/wp\/v2\/product_cat?post=151480"},{"taxonomy":"product_tag","embeddable":true,"href":"https:\/\/kingarms.ee\/lv\/wp-json\/wp\/v2\/product_tag?post=151480"}],"curies":[{"name":"wp","href":"https:\/\/api.w.org\/{rel}","templated":true}]}}