{"id":151483,"date":"2022-11-07T14:08:07","date_gmt":"2025-06-29T10:20:33","guid":{"rendered":"https:\/\/kingarms.ee\/product\/x3-fotografesana-veiktspejas-apmacibas-sistema-mantis\/"},"modified":"2025-08-03T17:55:18","modified_gmt":"2025-08-03T14:55:18","slug":"x3-fotografesana-veiktspejas-apmacibas-sistema-mantis","status":"publish","type":"product","link":"https:\/\/kingarms.ee\/lv\/product\/x3-fotografesana-veiktspejas-apmacibas-sistema-mantis\/","title":{"rendered":"X3 fotograf\u0113\u0161ana Veiktsp\u0113jas apm\u0101c\u012bbas sist\u0113ma Mantis"},"content":{"rendered":"","protected":false},"excerpt":{"rendered":"<p>X3 fotograf\u0113\u0161ana Veiktsp\u0113jas apm\u0101c\u012bbas sist\u0113ma Mantis<\/p>\n<p>Manix X3 galven\u0101s izmai\u0146as (sal\u012bdzinot ar Mantis X modeli):<br \/>\n40% maz\u0101ki izm\u0113ri<br \/>\n50% viegl\u0101ks svars<br \/>\n3 \u00d7 ilg\u0101ks darba laiks<br \/>\n4 \u00d7 \u0101tr\u0101ka datu p\u0101rraide<br \/>\nMantis X3 ir ier\u012bce, kas, uzst\u0101dot uz gara vai \u012bsa iero\u010da (uz 22 mm Picatinny sliedes), analiz\u0113 iero\u010da kust\u012bbas diapazonu, vienlaikus no\u0146emot spr\u016bdu, atkl\u0101j \u0161\u0101viena \u0161au\u0161anu un skaidri nor\u0101da uz m\u016bsu \u0161au\u0161anas k\u013c\u016bd\u0101m.<br \/>\nSist\u0113ma uztver m\u016bsu tr\u016bkumus un sniedz v\u0113rt\u012bgus padomus, kas \u013cauj uzlabot m\u016bsu motorisk\u0101s prasmes un \u0161au\u0161anas tehniku. Mantis ir person\u012bgais treneris, kas \u013cauj tren\u0113ties pat m\u0101j\u0101s.<br \/>\nIer\u012bce nav sinhroniz\u0113ta ar m\u0113r\u0137i, bet ar ieroci, uz kura t\u0101 ir uzst\u0101d\u012bta, kas garant\u0113 visaugst\u0101ko m\u0113r\u012bjumu precizit\u0101ti. Mantis X3 sist\u0113mas darb\u012bbai ir nepiecie\u0161ams viedt\u0101lrunis \/ plan\u0161etdators ar instal\u0113tu bezmaksas lietojumprogrammu (lejupiel\u0101d\u0113jama Android un IOS platformai).<br \/>\nMantis X3 ir efekt\u012bva apm\u0101c\u012bbas sist\u0113ma gan ies\u0101c\u0113jiem, gan pieredz\u0113ju\u0161iem \u0161\u0101v\u0113jiem.<\/p>\n","protected":false},"featured_media":125140,"template":"","meta":{"_acf_changed":false},"product_brand":[],"product_cat":[1025],"product_tag":[],"class_list":{"0":"post-151483","1":"product","2":"type-product","3":"status-publish","4":"has-post-thumbnail","6":"product_cat-sausana","8":"first","9":"onbackorder","10":"sale","11":"product-type-simple"},"acf":[],"_links":{"self":[{"href":"https:\/\/kingarms.ee\/lv\/wp-json\/wp\/v2\/product\/151483","targetHints":{"allow":["GET"]}}],"collection":[{"href":"https:\/\/kingarms.ee\/lv\/wp-json\/wp\/v2\/product"}],"about":[{"href":"https:\/\/kingarms.ee\/lv\/wp-json\/wp\/v2\/types\/product"}],"wp:featuredmedia":[{"embeddable":true,"href":"https:\/\/kingarms.ee\/lv\/wp-json\/wp\/v2\/media\/125140"}],"wp:attachment":[{"href":"https:\/\/kingarms.ee\/lv\/wp-json\/wp\/v2\/media?parent=151483"}],"wp:term":[{"taxonomy":"product_brand","embeddable":true,"href":"https:\/\/kingarms.ee\/lv\/wp-json\/wp\/v2\/product_brand?post=151483"},{"taxonomy":"product_cat","embeddable":true,"href":"https:\/\/kingarms.ee\/lv\/wp-json\/wp\/v2\/product_cat?post=151483"},{"taxonomy":"product_tag","embeddable":true,"href":"https:\/\/kingarms.ee\/lv\/wp-json\/wp\/v2\/product_tag?post=151483"}],"curies":[{"name":"wp","href":"https:\/\/api.w.org\/{rel}","templated":true}]}}