{"id":151486,"date":"2022-10-31T15:13:51","date_gmt":"2025-06-29T10:22:23","guid":{"rendered":"https:\/\/kingarms.ee\/product\/kempinga-gulta\/"},"modified":"2025-08-03T18:19:09","modified_gmt":"2025-08-03T15:19:09","slug":"kempinga-gulta","status":"publish","type":"product","link":"https:\/\/kingarms.ee\/lv\/product\/kempinga-gulta\/","title":{"rendered":"Kempinga Gulta"},"content":{"rendered":"","protected":false},"excerpt":{"rendered":"<p>Kempinga Gulta<\/p>\n<p>r\u0101mis izgatavots no<br \/>\nalum\u012bnija kvadr\u0101tveida caurules ca. 2,5 x 2,5 cm<br \/>\ntransporta Sl\u0113dzene ar 2 siksn\u0101m un<br \/>\n\u0101\u0137a un cilpas stiprin\u0101jums<br \/>\ntransporta soma ar n\u0113s\u0101\u0161anas siksnu un auklu<br \/>\nmax. slodze: apm. 120 kg<br \/>\n(ja to izmanto pareizi)<br \/>\nIepakojuma lielums: ca. 98 x 11 x 17 cm (L x W x H)<br \/>\nIzm\u0113ri: apm. 200 x 66 x 42 cm (L x W x H)<br \/>\nSvars: apm. 5,6 kg<\/p>\n","protected":false},"featured_media":125068,"template":"","meta":{"_acf_changed":false},"product_brand":[],"product_cat":[1119],"product_tag":[],"class_list":{"0":"post-151486","1":"product","2":"type-product","3":"status-publish","4":"has-post-thumbnail","6":"product_cat-celojumu-preces","8":"first","9":"instock","10":"sale","11":"purchasable","12":"product-type-simple"},"acf":[],"_links":{"self":[{"href":"https:\/\/kingarms.ee\/lv\/wp-json\/wp\/v2\/product\/151486","targetHints":{"allow":["GET"]}}],"collection":[{"href":"https:\/\/kingarms.ee\/lv\/wp-json\/wp\/v2\/product"}],"about":[{"href":"https:\/\/kingarms.ee\/lv\/wp-json\/wp\/v2\/types\/product"}],"wp:featuredmedia":[{"embeddable":true,"href":"https:\/\/kingarms.ee\/lv\/wp-json\/wp\/v2\/media\/125068"}],"wp:attachment":[{"href":"https:\/\/kingarms.ee\/lv\/wp-json\/wp\/v2\/media?parent=151486"}],"wp:term":[{"taxonomy":"product_brand","embeddable":true,"href":"https:\/\/kingarms.ee\/lv\/wp-json\/wp\/v2\/product_brand?post=151486"},{"taxonomy":"product_cat","embeddable":true,"href":"https:\/\/kingarms.ee\/lv\/wp-json\/wp\/v2\/product_cat?post=151486"},{"taxonomy":"product_tag","embeddable":true,"href":"https:\/\/kingarms.ee\/lv\/wp-json\/wp\/v2\/product_tag?post=151486"}],"curies":[{"name":"wp","href":"https:\/\/api.w.org\/{rel}","templated":true}]}}