{"id":151492,"date":"2022-10-26T23:45:44","date_gmt":"2025-06-29T10:26:08","guid":{"rendered":"https:\/\/kingarms.ee\/product\/stiprinajums-rmsc-red-dot-vektoru-optikai\/"},"modified":"2025-08-03T18:28:10","modified_gmt":"2025-08-03T15:28:10","slug":"stiprinajums-rmsc-red-dot-vektoru-optikai","status":"publish","type":"product","link":"https:\/\/kingarms.ee\/lv\/product\/stiprinajums-rmsc-red-dot-vektoru-optikai\/","title":{"rendered":"Stiprin\u0101jums Rmsc Red Dot vektoru optikai"},"content":{"rendered":"","protected":false},"excerpt":{"rendered":"<p>Stiprin\u0101jums Rmsc Red Dot vektoru optikai<\/p>\n<p>Nob\u012bdes mont\u0101\u017ea zem rmsc red dot redzesloka, kas paredz\u0113ta ar platformai. no Vekt aizsardz\u012bbas uz\u0146\u0113muma. Tas kalpo par pamatu papildu apskates objektiem ar optiskiem instrumentiem, ko izmanto k\u0101 galvenos. Izgatavots no anod\u0113ta alum\u012bnija 6063-T6, CNC sl\u012bp\u0113ti. Pateicoties tam, t\u0101 ir cieta un vienlaikus vienk\u0101r\u0161a un viegla mont\u0101\u017ea.<\/p>\n","protected":false},"featured_media":125002,"template":"","meta":{"_acf_changed":false},"product_brand":[],"product_cat":[1033],"product_tag":[],"class_list":{"0":"post-151492","1":"product","2":"type-product","3":"status-publish","4":"has-post-thumbnail","6":"product_cat-apstiprinasana","8":"first","9":"instock","10":"purchasable","11":"product-type-simple"},"acf":[],"_links":{"self":[{"href":"https:\/\/kingarms.ee\/lv\/wp-json\/wp\/v2\/product\/151492","targetHints":{"allow":["GET"]}}],"collection":[{"href":"https:\/\/kingarms.ee\/lv\/wp-json\/wp\/v2\/product"}],"about":[{"href":"https:\/\/kingarms.ee\/lv\/wp-json\/wp\/v2\/types\/product"}],"wp:featuredmedia":[{"embeddable":true,"href":"https:\/\/kingarms.ee\/lv\/wp-json\/wp\/v2\/media\/125002"}],"wp:attachment":[{"href":"https:\/\/kingarms.ee\/lv\/wp-json\/wp\/v2\/media?parent=151492"}],"wp:term":[{"taxonomy":"product_brand","embeddable":true,"href":"https:\/\/kingarms.ee\/lv\/wp-json\/wp\/v2\/product_brand?post=151492"},{"taxonomy":"product_cat","embeddable":true,"href":"https:\/\/kingarms.ee\/lv\/wp-json\/wp\/v2\/product_cat?post=151492"},{"taxonomy":"product_tag","embeddable":true,"href":"https:\/\/kingarms.ee\/lv\/wp-json\/wp\/v2\/product_tag?post=151492"}],"curies":[{"name":"wp","href":"https:\/\/api.w.org\/{rel}","templated":true}]}}