{"id":151494,"date":"2022-10-26T23:14:57","date_gmt":"2025-06-29T10:26:57","guid":{"rendered":"https:\/\/kingarms.ee\/product\/darbibas-joma-mount-ar-limeni-25-30mm-gab\/"},"modified":"2025-08-03T18:29:49","modified_gmt":"2025-08-03T15:29:49","slug":"darbibas-joma-mount-ar-limeni-25-30mm-gab","status":"publish","type":"product","link":"https:\/\/kingarms.ee\/lv\/product\/darbibas-joma-mount-ar-limeni-25-30mm-gab\/","title":{"rendered":"Darb\u012bbas joma mount ar l\u012bmeni 25\/30mm [gab]"},"content":{"rendered":"","protected":false},"excerpt":{"rendered":"<p>Darb\u012bbas joma mount ar l\u012bmeni 25\/30mm [gab]<br \/>\nGredzens ar izvelkamu l\u012bme\u0146r\u0101di 25 mm vai 30 mm diametra teleskopa samazin\u0101\u0161anas gredzeniem.<br \/>\nPateicoties \u0161ai mont\u0101\u017eai, j\u016bs varat viegli sasniegt pareizu st\u0101ju un palielin\u0101t kadru skaitu.<\/p>\n","protected":false},"featured_media":124982,"template":"","meta":{"_acf_changed":false},"product_brand":[],"product_cat":[1035],"product_tag":[],"class_list":{"0":"post-151494","1":"product","2":"type-product","3":"status-publish","4":"has-post-thumbnail","6":"product_cat-saujamierocu-gredzeni","8":"first","9":"instock","10":"taxable","11":"shipping-taxable","12":"purchasable","13":"product-type-simple"},"acf":[],"_links":{"self":[{"href":"https:\/\/kingarms.ee\/lv\/wp-json\/wp\/v2\/product\/151494","targetHints":{"allow":["GET"]}}],"collection":[{"href":"https:\/\/kingarms.ee\/lv\/wp-json\/wp\/v2\/product"}],"about":[{"href":"https:\/\/kingarms.ee\/lv\/wp-json\/wp\/v2\/types\/product"}],"wp:featuredmedia":[{"embeddable":true,"href":"https:\/\/kingarms.ee\/lv\/wp-json\/wp\/v2\/media\/124982"}],"wp:attachment":[{"href":"https:\/\/kingarms.ee\/lv\/wp-json\/wp\/v2\/media?parent=151494"}],"wp:term":[{"taxonomy":"product_brand","embeddable":true,"href":"https:\/\/kingarms.ee\/lv\/wp-json\/wp\/v2\/product_brand?post=151494"},{"taxonomy":"product_cat","embeddable":true,"href":"https:\/\/kingarms.ee\/lv\/wp-json\/wp\/v2\/product_cat?post=151494"},{"taxonomy":"product_tag","embeddable":true,"href":"https:\/\/kingarms.ee\/lv\/wp-json\/wp\/v2\/product_tag?post=151494"}],"curies":[{"name":"wp","href":"https:\/\/api.w.org\/{rel}","templated":true}]}}