{"id":151497,"date":"2022-10-24T12:11:38","date_gmt":"2025-06-29T10:27:55","guid":{"rendered":"https:\/\/kingarms.ee\/product\/asv-ww2-zekturi-8-lauki\/"},"modified":"2025-08-03T18:38:28","modified_gmt":"2025-08-03T15:38:28","slug":"asv-ww2-zekturi-8-lauki","status":"publish","type":"product","link":"https:\/\/kingarms.ee\/lv\/product\/asv-ww2-zekturi-8-lauki\/","title":{"rendered":"ASV WW2 ze\u0137turi 8 lauki"},"content":{"rendered":"","protected":false},"excerpt":{"rendered":"<p>ASV WW2 ze\u0137turi 8 lauki<\/p>\n<p>Amerik\u0101\u0146u M36 plecu siksnu reprodukcija apr\u012bkojuma p\u0101rvad\u0101\u0161anai. Tas ir izgatavots no iztur\u012bga kokvilnas audekla ar augstas stipr\u012bbas t\u0113rauda aparat\u016bru. Ide\u0101li piem\u0113rots ASV milit\u0101ro vien\u012bbu un sabiedroto rekonstrukcijai no Otr\u0101 pasaules kara un Korejas kara.<\/p>\n<p>Taktisk\u0101 apr\u012bkojuma elementi no 8 FIELDS CLASSIC l\u012bnijas ir balst\u012bti uz ASV armijas karav\u012bru ori\u0123in\u0101lo apr\u012bkojumu, ko izmantoja Otr\u0101 pasaules kara laik\u0101.<\/p>\n<p>L\u016bdzu, atcerieties, ka liel\u0101k\u0101 da\u013ca airsoft kopiju pistoles, \u0161autenes, \u017eurn\u0101li utt. nav s\u0101kotn\u0113jo izm\u0113ru.<\/p>\n","protected":false},"featured_media":124827,"template":"","meta":{"_acf_changed":false},"product_brand":[],"product_cat":[1090],"product_tag":[],"class_list":{"0":"post-151497","1":"product","2":"type-product","3":"status-publish","4":"has-post-thumbnail","6":"product_cat-ipsc-jostas","8":"first","9":"instock","10":"taxable","11":"shipping-taxable","12":"purchasable","13":"product-type-simple"},"acf":[],"_links":{"self":[{"href":"https:\/\/kingarms.ee\/lv\/wp-json\/wp\/v2\/product\/151497","targetHints":{"allow":["GET"]}}],"collection":[{"href":"https:\/\/kingarms.ee\/lv\/wp-json\/wp\/v2\/product"}],"about":[{"href":"https:\/\/kingarms.ee\/lv\/wp-json\/wp\/v2\/types\/product"}],"wp:featuredmedia":[{"embeddable":true,"href":"https:\/\/kingarms.ee\/lv\/wp-json\/wp\/v2\/media\/124827"}],"wp:attachment":[{"href":"https:\/\/kingarms.ee\/lv\/wp-json\/wp\/v2\/media?parent=151497"}],"wp:term":[{"taxonomy":"product_brand","embeddable":true,"href":"https:\/\/kingarms.ee\/lv\/wp-json\/wp\/v2\/product_brand?post=151497"},{"taxonomy":"product_cat","embeddable":true,"href":"https:\/\/kingarms.ee\/lv\/wp-json\/wp\/v2\/product_cat?post=151497"},{"taxonomy":"product_tag","embeddable":true,"href":"https:\/\/kingarms.ee\/lv\/wp-json\/wp\/v2\/product_tag?post=151497"}],"curies":[{"name":"wp","href":"https:\/\/api.w.org\/{rel}","templated":true}]}}