{"id":151501,"date":"2022-10-24T11:55:40","date_gmt":"2025-06-29T10:29:49","guid":{"rendered":"https:\/\/kingarms.ee\/product\/taktiskas-medicinas-skeres-emt\/"},"modified":"2025-08-03T18:40:43","modified_gmt":"2025-08-03T15:40:43","slug":"taktiskas-medicinas-skeres-emt","status":"publish","type":"product","link":"https:\/\/kingarms.ee\/lv\/product\/taktiskas-medicinas-skeres-emt\/","title":{"rendered":"Taktisk\u0101s medic\u012bnas \u0161\u0137\u0113res EMT"},"content":{"rendered":"","protected":false},"excerpt":{"rendered":"<p>Taktisk\u0101s medic\u012bnas \u0161\u0137\u0113res EMT<\/p>\n<table class=\"product-specification-table table table-hover\">\n<tbody>\n<tr>\n<td>Svars:<\/td>\n<td>65 g<\/td>\n<\/tr>\n<tr>\n<td>Kr\u0101sa:<\/td>\n<td>melns<\/td>\n<\/tr>\n<tr>\n<td>Materi\u0101ls:<\/td>\n<td>t\u0113rauds<\/td>\n<\/tr>\n<tr>\n<td>Garums:<\/td>\n<td>180mm<\/td>\n<\/tr>\n<\/tbody>\n<\/table>\n","protected":false},"featured_media":124793,"template":"","meta":{"_acf_changed":false},"product_brand":[],"product_cat":[1051],"product_tag":[],"class_list":{"0":"post-151501","1":"product","2":"type-product","3":"status-publish","4":"has-post-thumbnail","6":"product_cat-frist-palidziba","8":"first","9":"instock","10":"taxable","11":"shipping-taxable","12":"purchasable","13":"product-type-simple"},"acf":[],"_links":{"self":[{"href":"https:\/\/kingarms.ee\/lv\/wp-json\/wp\/v2\/product\/151501","targetHints":{"allow":["GET"]}}],"collection":[{"href":"https:\/\/kingarms.ee\/lv\/wp-json\/wp\/v2\/product"}],"about":[{"href":"https:\/\/kingarms.ee\/lv\/wp-json\/wp\/v2\/types\/product"}],"wp:featuredmedia":[{"embeddable":true,"href":"https:\/\/kingarms.ee\/lv\/wp-json\/wp\/v2\/media\/124793"}],"wp:attachment":[{"href":"https:\/\/kingarms.ee\/lv\/wp-json\/wp\/v2\/media?parent=151501"}],"wp:term":[{"taxonomy":"product_brand","embeddable":true,"href":"https:\/\/kingarms.ee\/lv\/wp-json\/wp\/v2\/product_brand?post=151501"},{"taxonomy":"product_cat","embeddable":true,"href":"https:\/\/kingarms.ee\/lv\/wp-json\/wp\/v2\/product_cat?post=151501"},{"taxonomy":"product_tag","embeddable":true,"href":"https:\/\/kingarms.ee\/lv\/wp-json\/wp\/v2\/product_tag?post=151501"}],"curies":[{"name":"wp","href":"https:\/\/api.w.org\/{rel}","templated":true}]}}