{"id":151502,"date":"2022-10-17T16:38:46","date_gmt":"2025-06-29T10:30:08","guid":{"rendered":"https:\/\/kingarms.ee\/product\/kempinga-plits-60x63x26cm\/"},"modified":"2025-08-03T18:41:25","modified_gmt":"2025-08-03T15:41:25","slug":"kempinga-plits-60x63x26cm","status":"publish","type":"product","link":"https:\/\/kingarms.ee\/lv\/product\/kempinga-plits-60x63x26cm\/","title":{"rendered":"Kempinga pl\u012bts 60x63x26cm"},"content":{"rendered":"<p><img loading=\"lazy\" decoding=\"async\" class=\"alignnone size-medium wp-image-64371\" src=\"https:\/\/kingarms.ee\/wp-content\/uploads\/2022\/10\/unnamed-file-300x300.jpeg\" alt=\"\" width=\"300\" height=\"300\" srcset=\"https:\/\/kingarms.ee\/wp-content\/uploads\/2022\/10\/unnamed-file-300x300.jpeg 300w, https:\/\/kingarms.ee\/wp-content\/uploads\/2022\/10\/unnamed-file-1024x1024.jpeg 1024w, https:\/\/kingarms.ee\/wp-content\/uploads\/2022\/10\/unnamed-file-150x150.jpeg 150w, https:\/\/kingarms.ee\/wp-content\/uploads\/2022\/10\/unnamed-file-768x768.jpeg 768w, https:\/\/kingarms.ee\/wp-content\/uploads\/2022\/10\/unnamed-file-1536x1536.jpeg 1536w, https:\/\/kingarms.ee\/wp-content\/uploads\/2022\/10\/unnamed-file-500x500.jpeg 500w, https:\/\/kingarms.ee\/wp-content\/uploads\/2022\/10\/unnamed-file.jpeg 1601w\" sizes=\"auto, (max-width: 300px) 100vw, 300px\" \/><\/p>\n","protected":false},"excerpt":{"rendered":"<p>&#8211; Kempinga pl\u012bts 60x63x26cm<br \/>\n&#8211; G\u0101zes pat\u0113ri\u0146\u0161 82g \/ h x2<br \/>\n&#8211; Siltuma jauda 2,3 kW<br \/>\n\u2013 P\u0101rn\u0113s\u0101jams<\/p>\n","protected":false},"featured_media":124764,"template":"","meta":{"_acf_changed":false},"product_brand":[],"product_cat":[1119],"product_tag":[],"class_list":{"0":"post-151502","1":"product","2":"type-product","3":"status-publish","4":"has-post-thumbnail","6":"product_cat-celojumu-preces","8":"first","9":"instock","10":"taxable","11":"shipping-taxable","12":"purchasable","13":"product-type-simple"},"acf":[],"_links":{"self":[{"href":"https:\/\/kingarms.ee\/lv\/wp-json\/wp\/v2\/product\/151502","targetHints":{"allow":["GET"]}}],"collection":[{"href":"https:\/\/kingarms.ee\/lv\/wp-json\/wp\/v2\/product"}],"about":[{"href":"https:\/\/kingarms.ee\/lv\/wp-json\/wp\/v2\/types\/product"}],"wp:featuredmedia":[{"embeddable":true,"href":"https:\/\/kingarms.ee\/lv\/wp-json\/wp\/v2\/media\/124764"}],"wp:attachment":[{"href":"https:\/\/kingarms.ee\/lv\/wp-json\/wp\/v2\/media?parent=151502"}],"wp:term":[{"taxonomy":"product_brand","embeddable":true,"href":"https:\/\/kingarms.ee\/lv\/wp-json\/wp\/v2\/product_brand?post=151502"},{"taxonomy":"product_cat","embeddable":true,"href":"https:\/\/kingarms.ee\/lv\/wp-json\/wp\/v2\/product_cat?post=151502"},{"taxonomy":"product_tag","embeddable":true,"href":"https:\/\/kingarms.ee\/lv\/wp-json\/wp\/v2\/product_tag?post=151502"}],"curies":[{"name":"wp","href":"https:\/\/api.w.org\/{rel}","templated":true}]}}