{"id":151503,"date":"2022-10-17T15:47:32","date_gmt":"2025-06-29T10:30:18","guid":{"rendered":"https:\/\/kingarms.ee\/product\/diabolo-granulas-4-5-500-umarex\/"},"modified":"2025-08-03T18:42:47","modified_gmt":"2025-08-03T15:42:47","slug":"diabolo-granulas-4-5-500-umarex","status":"publish","type":"product","link":"https:\/\/kingarms.ee\/lv\/product\/diabolo-granulas-4-5-500-umarex\/","title":{"rendered":"Diabolo granulas 4.5 \/ 500 Umarex"},"content":{"rendered":"","protected":false},"excerpt":{"rendered":"<p>Diabolo granulas 4.5 \/ 500 Umarex<\/p>\n<p>Umarex Cobra smail\u0101s rievot\u0101s 4,5 \/ 500 diabolo granulas ir rievotas granulas ar smailu galvu, kas nodro\u0161ina augstu m\u0113r\u0137a tr\u0101p\u012bjuma iespie\u0161anos.<br \/>\nPunktu tipa granulas to izcil\u0101 iespie\u0161an\u0101s \u0101truma d\u0113\u013c ir paredz\u0113tas atp\u016btai, un t\u0101s var izmantot, lai &#8220;izn\u012bcin\u0101tu&#8221; da\u017e\u0101da veida objektus, piem\u0113ram, kannas, pudeles, un sasniegtu reakt\u012bvos m\u0113r\u0137us. Ide\u0101li piem\u0113rots fotograf\u0113\u0161anai \u012bsos un vid\u0113jos att\u0101lumos.<\/p>\n","protected":false},"featured_media":124430,"template":"","meta":{"_acf_changed":false},"product_brand":[],"product_cat":[1047],"product_tag":[],"class_list":{"0":"post-151503","1":"product","2":"type-product","3":"status-publish","4":"has-post-thumbnail","6":"product_cat-airuna-4-5-mm","8":"first","9":"onbackorder","10":"product-type-simple"},"acf":[],"_links":{"self":[{"href":"https:\/\/kingarms.ee\/lv\/wp-json\/wp\/v2\/product\/151503","targetHints":{"allow":["GET"]}}],"collection":[{"href":"https:\/\/kingarms.ee\/lv\/wp-json\/wp\/v2\/product"}],"about":[{"href":"https:\/\/kingarms.ee\/lv\/wp-json\/wp\/v2\/types\/product"}],"wp:featuredmedia":[{"embeddable":true,"href":"https:\/\/kingarms.ee\/lv\/wp-json\/wp\/v2\/media\/124430"}],"wp:attachment":[{"href":"https:\/\/kingarms.ee\/lv\/wp-json\/wp\/v2\/media?parent=151503"}],"wp:term":[{"taxonomy":"product_brand","embeddable":true,"href":"https:\/\/kingarms.ee\/lv\/wp-json\/wp\/v2\/product_brand?post=151503"},{"taxonomy":"product_cat","embeddable":true,"href":"https:\/\/kingarms.ee\/lv\/wp-json\/wp\/v2\/product_cat?post=151503"},{"taxonomy":"product_tag","embeddable":true,"href":"https:\/\/kingarms.ee\/lv\/wp-json\/wp\/v2\/product_tag?post=151503"}],"curies":[{"name":"wp","href":"https:\/\/api.w.org\/{rel}","templated":true}]}}