{"id":151505,"date":"2022-10-17T15:47:32","date_gmt":"2025-06-29T10:31:02","guid":{"rendered":"https:\/\/kingarms.ee\/product\/riflescope-viper-hs-lr-6-24x5-virpulis\/"},"modified":"2025-08-03T18:44:29","modified_gmt":"2025-08-03T15:44:29","slug":"riflescope-viper-hs-lr-6-24x5-virpulis","status":"publish","type":"product","link":"https:\/\/kingarms.ee\/lv\/product\/riflescope-viper-hs-lr-6-24x5-virpulis\/","title":{"rendered":"Riflescope Viper Hs LR 6 &#8211; 24&#215;5 virpulis"},"content":{"rendered":"","protected":false},"excerpt":{"rendered":"<p>Riflescope Viper Hs LR 6 &#8211; 24&#215;5 virpulis<\/p>\n<p>\u0160is Vortex Viper HST 6 &#8211; 24&#215;50 riflescope ar VMR-1 t\u012bkli\u0146u un 1\/4 MOA torn\u012b\u0161a regul\u0113\u0161anu ir ide\u0101li piem\u0113rots daudz\u0101m lietojumprogramm\u0101m, ieskaitot med\u012bbas, \u0161au\u0161anu un taktisko. Funkcij\u0101s ietilpst Viengabala 30 mm apstr\u0101d\u0101ta alum\u012bnija caurule, piedodo\u0161a acu kaste, palielin\u0101ts acu reljefs, \u012bpa\u0161i zemas dispersijas stikls, piln\u012bb\u0101 p\u0101rkl\u0101tas l\u0113cas, miglas\/Triecieniztur\u012bga \u0101rpuse, cieta anod\u0113ta apdare, ArmorTek, pak\u013cauti Taktisk\u0101 stila turrets, s\u0101nu fokuss, CRS nulles apst\u0101\u0161an\u0101s, precison-force atsperu sist\u0113ma, prec\u012bzijas sl\u012bd\u0113\u0161anas erektora sist\u0113ma, MAG-view optisk\u0101 \u0161\u0137iedra, r\u0101diusa josla un \u0101tra fokusa okul\u0101rs.<\/p>\n","protected":false},"featured_media":134274,"template":"","meta":{"_acf_changed":false},"product_brand":[],"product_cat":[1030],"product_tag":[],"class_list":{"0":"post-151505","1":"product","2":"type-product","3":"status-publish","4":"has-post-thumbnail","6":"product_cat-optiskais-merkis","8":"first","9":"onbackorder","10":"product-type-simple"},"acf":[],"_links":{"self":[{"href":"https:\/\/kingarms.ee\/lv\/wp-json\/wp\/v2\/product\/151505","targetHints":{"allow":["GET"]}}],"collection":[{"href":"https:\/\/kingarms.ee\/lv\/wp-json\/wp\/v2\/product"}],"about":[{"href":"https:\/\/kingarms.ee\/lv\/wp-json\/wp\/v2\/types\/product"}],"wp:featuredmedia":[{"embeddable":true,"href":"https:\/\/kingarms.ee\/lv\/wp-json\/wp\/v2\/media\/134274"}],"wp:attachment":[{"href":"https:\/\/kingarms.ee\/lv\/wp-json\/wp\/v2\/media?parent=151505"}],"wp:term":[{"taxonomy":"product_brand","embeddable":true,"href":"https:\/\/kingarms.ee\/lv\/wp-json\/wp\/v2\/product_brand?post=151505"},{"taxonomy":"product_cat","embeddable":true,"href":"https:\/\/kingarms.ee\/lv\/wp-json\/wp\/v2\/product_cat?post=151505"},{"taxonomy":"product_tag","embeddable":true,"href":"https:\/\/kingarms.ee\/lv\/wp-json\/wp\/v2\/product_tag?post=151505"}],"curies":[{"name":"wp","href":"https:\/\/api.w.org\/{rel}","templated":true}]}}