{"id":151515,"date":"2022-10-03T16:15:09","date_gmt":"2025-06-29T10:44:54","guid":{"rendered":"https:\/\/kingarms.ee\/product\/dual-band-vhf-uhf-radio-baofeng\/"},"modified":"2025-06-29T13:44:54","modified_gmt":"2025-06-29T10:44:54","slug":"dual-band-vhf-uhf-radio-baofeng","status":"publish","type":"product","link":"https:\/\/kingarms.ee\/lv\/product\/dual-band-vhf-uhf-radio-baofeng\/","title":{"rendered":"Dual Band Vhf \/ Uhf Radio Baofeng"},"content":{"rendered":"","protected":false},"excerpt":{"rendered":"<p>Dual Band Vhf \/ Uhf Radio Baofeng<\/p>\n<p>Dual band vhf \/ uhf radio 128 kan\u0101li<\/p>\n<p>Frekven\u010du diapazons: &#8211; vhf 136-174 mhz-uhf 400-520 mhz<\/p>\n<p>P\u0101rraides jauda: 8w-1W<\/p>\n<p>apgaismots lcd displejs ar akumulatora taup\u012b\u0161anas funkciju<\/p>\n<p>aug\u0161\u0113j\u0101 led zibspuldze (fiks\u0113ta vai mirgojo\u0161a gaisma)<\/p>\n<p>austi\u0146as un mikrofons ar ptt un klipu iek\u013cauts<\/p>\n<p>iek\u013cauta rokas n\u0113s\u0101\u0161anas siksna<\/p>\n<p>iek\u013cauts Aizmugur\u0113jais klips<\/p>\n<p>izm\u0113ri: 58mm x 110mm x 32mm (bez antenas)<\/p>\n<p>svars: 160g li-ion 7.4 v x 2000mAh<\/p>\n<p>iek\u013cauts akumulators un galda l\u0101d\u0113t\u0101js<\/p>\n","protected":false},"featured_media":136498,"template":"","meta":{"_acf_changed":false},"product_brand":[],"product_cat":[1125],"product_tag":[],"class_list":{"0":"post-151515","1":"product","2":"type-product","3":"status-publish","4":"has-post-thumbnail","6":"product_cat-uztvereji","8":"first","9":"instock","10":"purchasable","11":"product-type-simple"},"acf":[],"_links":{"self":[{"href":"https:\/\/kingarms.ee\/lv\/wp-json\/wp\/v2\/product\/151515","targetHints":{"allow":["GET"]}}],"collection":[{"href":"https:\/\/kingarms.ee\/lv\/wp-json\/wp\/v2\/product"}],"about":[{"href":"https:\/\/kingarms.ee\/lv\/wp-json\/wp\/v2\/types\/product"}],"wp:featuredmedia":[{"embeddable":true,"href":"https:\/\/kingarms.ee\/lv\/wp-json\/wp\/v2\/media\/136498"}],"wp:attachment":[{"href":"https:\/\/kingarms.ee\/lv\/wp-json\/wp\/v2\/media?parent=151515"}],"wp:term":[{"taxonomy":"product_brand","embeddable":true,"href":"https:\/\/kingarms.ee\/lv\/wp-json\/wp\/v2\/product_brand?post=151515"},{"taxonomy":"product_cat","embeddable":true,"href":"https:\/\/kingarms.ee\/lv\/wp-json\/wp\/v2\/product_cat?post=151515"},{"taxonomy":"product_tag","embeddable":true,"href":"https:\/\/kingarms.ee\/lv\/wp-json\/wp\/v2\/product_tag?post=151515"}],"curies":[{"name":"wp","href":"https:\/\/api.w.org\/{rel}","templated":true}]}}