{"id":151522,"date":"2022-08-01T12:28:13","date_gmt":"2025-06-29T10:57:40","guid":{"rendered":"https:\/\/kingarms.ee\/product\/kiveres-kopnes-adaptera-komplekts-z-tactical-2\/"},"modified":"2025-06-29T13:57:40","modified_gmt":"2025-06-29T10:57:40","slug":"kiveres-kopnes-adaptera-komplekts-z-tactical-2","status":"publish","type":"product","link":"https:\/\/kingarms.ee\/lv\/product\/kiveres-kopnes-adaptera-komplekts-z-tactical-2\/","title":{"rendered":"\u0136iveres kopnes adaptera komplekts (Z-Tactical)"},"content":{"rendered":"<p><img loading=\"lazy\" decoding=\"async\" class=\"alignnone size-medium wp-image-61157\" src=\"https:\/\/kingarms.ee\/wp-content\/uploads\/2022\/08\/z-tactical-comtac-helmet-rail-adapter-black-300x192.jpeg\" alt=\"\" width=\"300\" height=\"192\" srcset=\"https:\/\/kingarms.ee\/wp-content\/uploads\/2022\/08\/z-tactical-comtac-helmet-rail-adapter-black-300x192.jpeg 300w, https:\/\/kingarms.ee\/wp-content\/uploads\/2022\/08\/z-tactical-comtac-helmet-rail-adapter-black-768x492.jpeg 768w, https:\/\/kingarms.ee\/wp-content\/uploads\/2022\/08\/z-tactical-comtac-helmet-rail-adapter-black-500x320.jpeg 500w, https:\/\/kingarms.ee\/wp-content\/uploads\/2022\/08\/z-tactical-comtac-helmet-rail-adapter-black-150x96.jpeg 150w, https:\/\/kingarms.ee\/wp-content\/uploads\/2022\/08\/z-tactical-comtac-helmet-rail-adapter-black.jpeg 1000w\" sizes=\"auto, (max-width: 300px) 100vw, 300px\" \/><\/p>\n","protected":false},"excerpt":{"rendered":"<p>\u0136iveres kopnes adaptera komplekts (Z-Tactical)<\/p>\n<p>Stiprin\u0101jumi dod lietot\u0101jam iesp\u0113ju savienot akt\u012bv\u0101s vai pas\u012bv\u0101s Austi\u0146as ar \u0137iveri.<\/p>\n<p>Ra\u017eot\u0101js: Z-Tactical<\/p>\n","protected":false},"featured_media":123139,"template":"","meta":{"_acf_changed":false},"product_brand":[],"product_cat":[1023],"product_tag":[],"class_list":{"0":"post-151522","1":"product","2":"type-product","3":"status-publish","4":"has-post-thumbnail","6":"product_cat-austinu-pielikumi","8":"first","9":"instock","10":"taxable","11":"shipping-taxable","12":"purchasable","13":"product-type-simple"},"acf":[],"_links":{"self":[{"href":"https:\/\/kingarms.ee\/lv\/wp-json\/wp\/v2\/product\/151522","targetHints":{"allow":["GET"]}}],"collection":[{"href":"https:\/\/kingarms.ee\/lv\/wp-json\/wp\/v2\/product"}],"about":[{"href":"https:\/\/kingarms.ee\/lv\/wp-json\/wp\/v2\/types\/product"}],"wp:featuredmedia":[{"embeddable":true,"href":"https:\/\/kingarms.ee\/lv\/wp-json\/wp\/v2\/media\/123139"}],"wp:attachment":[{"href":"https:\/\/kingarms.ee\/lv\/wp-json\/wp\/v2\/media?parent=151522"}],"wp:term":[{"taxonomy":"product_brand","embeddable":true,"href":"https:\/\/kingarms.ee\/lv\/wp-json\/wp\/v2\/product_brand?post=151522"},{"taxonomy":"product_cat","embeddable":true,"href":"https:\/\/kingarms.ee\/lv\/wp-json\/wp\/v2\/product_cat?post=151522"},{"taxonomy":"product_tag","embeddable":true,"href":"https:\/\/kingarms.ee\/lv\/wp-json\/wp\/v2\/product_tag?post=151522"}],"curies":[{"name":"wp","href":"https:\/\/api.w.org\/{rel}","templated":true}]}}