{"id":151525,"date":"2022-10-17T15:47:32","date_gmt":"2025-06-29T10:58:11","guid":{"rendered":"https:\/\/kingarms.ee\/product\/diabolo-granulas-moskitu-4-5-500-umarex\/"},"modified":"2025-06-29T13:58:11","modified_gmt":"2025-06-29T10:58:11","slug":"diabolo-granulas-moskitu-4-5-500-umarex","status":"publish","type":"product","link":"https:\/\/kingarms.ee\/lv\/product\/diabolo-granulas-moskitu-4-5-500-umarex\/","title":{"rendered":"Diabolo granulas mosk\u012btu 4.5 \/ 500 Umarex"},"content":{"rendered":"","protected":false},"excerpt":{"rendered":"<p>Diabolo granulas mosk\u012btu 4.5 \/ 500 Umarex<\/p>\n<p>Umarex mosk\u012btu rievot\u0101s 4.5 \/ 500 diabolo granulas ir rievotas plakanas granulas, kas paredz\u0113tas atp\u016btas m\u0113r\u0137a \u0161au\u0161anai un apm\u0101c\u012bbai.<br \/>\nPlakan\u0101 galva izgrie\u017e prec\u012bzi apa\u013cus caurumus, kas iev\u0113rojami atvieglo punktu skait\u012b\u0161anu.<br \/>\nRievot\u0101s granulas vislab\u0101k darbojas vec\u0101kos karab\u012bnos ar seklu diegu muc\u0101m. \u0160\u0101viena masa ir 0,48 g. <\/p>\n","protected":false},"featured_media":124465,"template":"","meta":{"_acf_changed":false},"product_brand":[],"product_cat":[1047],"product_tag":[],"class_list":{"0":"post-151525","1":"product","2":"type-product","3":"status-publish","4":"has-post-thumbnail","6":"product_cat-airuna-4-5-mm","8":"first","9":"instock","10":"purchasable","11":"product-type-simple"},"acf":[],"_links":{"self":[{"href":"https:\/\/kingarms.ee\/lv\/wp-json\/wp\/v2\/product\/151525","targetHints":{"allow":["GET"]}}],"collection":[{"href":"https:\/\/kingarms.ee\/lv\/wp-json\/wp\/v2\/product"}],"about":[{"href":"https:\/\/kingarms.ee\/lv\/wp-json\/wp\/v2\/types\/product"}],"wp:featuredmedia":[{"embeddable":true,"href":"https:\/\/kingarms.ee\/lv\/wp-json\/wp\/v2\/media\/124465"}],"wp:attachment":[{"href":"https:\/\/kingarms.ee\/lv\/wp-json\/wp\/v2\/media?parent=151525"}],"wp:term":[{"taxonomy":"product_brand","embeddable":true,"href":"https:\/\/kingarms.ee\/lv\/wp-json\/wp\/v2\/product_brand?post=151525"},{"taxonomy":"product_cat","embeddable":true,"href":"https:\/\/kingarms.ee\/lv\/wp-json\/wp\/v2\/product_cat?post=151525"},{"taxonomy":"product_tag","embeddable":true,"href":"https:\/\/kingarms.ee\/lv\/wp-json\/wp\/v2\/product_tag?post=151525"}],"curies":[{"name":"wp","href":"https:\/\/api.w.org\/{rel}","templated":true}]}}