{"id":151526,"date":"2022-10-17T15:47:32","date_gmt":"2025-06-29T10:58:32","guid":{"rendered":"https:\/\/kingarms.ee\/product\/diabolo-granulas-sakalis-4-5-500-umarex\/"},"modified":"2025-06-29T13:58:32","modified_gmt":"2025-06-29T10:58:32","slug":"diabolo-granulas-sakalis-4-5-500-umarex","status":"publish","type":"product","link":"https:\/\/kingarms.ee\/lv\/product\/diabolo-granulas-sakalis-4-5-500-umarex\/","title":{"rendered":"Diabolo granulas \u0161ak\u0101lis 4.5 \/ 500 Umarex"},"content":{"rendered":"","protected":false},"excerpt":{"rendered":"<p>Diabolo granulas \u0161ak\u0101lis 4.5 \/ 500 Umarex<br \/>\nPateicoties lieliskajai iek\u013c\u016b\u0161anai, smailie \u0161\u0101vieni ir paredz\u0113ti atp\u016btai, un tos var izmantot, lai &#8220;izn\u012bcin\u0101tu&#8221; da\u017e\u0101da veida objektus, piem\u0113ram, kannas, pudeles, un sasniegtu reakt\u012bvos m\u0113r\u0137us.<br \/>\nPapildu atloks un griezes rievojums samazina spiediena zudumus un palielina \u0161\u0101viena s\u0101kotn\u0113jo \u0101trumu.<\/p>\n","protected":false},"featured_media":124468,"template":"","meta":{"_acf_changed":false},"product_brand":[],"product_cat":[1047],"product_tag":[],"class_list":{"0":"post-151526","1":"product","2":"type-product","3":"status-publish","4":"has-post-thumbnail","6":"product_cat-airuna-4-5-mm","8":"first","9":"onbackorder","10":"product-type-simple"},"acf":[],"_links":{"self":[{"href":"https:\/\/kingarms.ee\/lv\/wp-json\/wp\/v2\/product\/151526","targetHints":{"allow":["GET"]}}],"collection":[{"href":"https:\/\/kingarms.ee\/lv\/wp-json\/wp\/v2\/product"}],"about":[{"href":"https:\/\/kingarms.ee\/lv\/wp-json\/wp\/v2\/types\/product"}],"wp:featuredmedia":[{"embeddable":true,"href":"https:\/\/kingarms.ee\/lv\/wp-json\/wp\/v2\/media\/124468"}],"wp:attachment":[{"href":"https:\/\/kingarms.ee\/lv\/wp-json\/wp\/v2\/media?parent=151526"}],"wp:term":[{"taxonomy":"product_brand","embeddable":true,"href":"https:\/\/kingarms.ee\/lv\/wp-json\/wp\/v2\/product_brand?post=151526"},{"taxonomy":"product_cat","embeddable":true,"href":"https:\/\/kingarms.ee\/lv\/wp-json\/wp\/v2\/product_cat?post=151526"},{"taxonomy":"product_tag","embeddable":true,"href":"https:\/\/kingarms.ee\/lv\/wp-json\/wp\/v2\/product_tag?post=151526"}],"curies":[{"name":"wp","href":"https:\/\/api.w.org\/{rel}","templated":true}]}}