{"id":151527,"date":"2022-10-17T15:47:32","date_gmt":"2025-06-29T10:58:54","guid":{"rendered":"https:\/\/kingarms.ee\/product\/bipod-salokami-recon-leapers\/"},"modified":"2025-06-29T13:58:54","modified_gmt":"2025-06-29T10:58:54","slug":"bipod-salokami-recon-leapers","status":"publish","type":"product","link":"https:\/\/kingarms.ee\/lv\/product\/bipod-salokami-recon-leapers\/","title":{"rendered":"Bipod Salok\u0101mi Recon Leapers"},"content":{"rendered":"","protected":false},"excerpt":{"rendered":"<p>Bipod Salok\u0101mi Recon Leapers<\/p>\n<p>Mas\u012bv\u0101s k\u0101jas var aizsl\u0113gt 3 poz\u012bcij\u0101s , padarot bipodu perfektu nel\u012bdzenai zemei. K\u0101jas ir regul\u0113jamas augstum\u0101 (5 r\u016bpn\u012bcas iestat\u012bjumi), iestat\u012b\u0161anas sl\u0113dzene un \u0113rta loc\u012b\u0161anas sist\u0113ma.<br \/>\nLai main\u012btu augstumu, vienk\u0101r\u0161i pagariniet p\u0113du, neatblo\u0137\u0113jot vai nospie\u017eot nevienu pogu. K\u0101ju gumijotie spilventi\u0146i ir veidoti t\u0101, lai tie nodro\u0161in\u0101tu stabilu bipoda novietojumu uz jebkuras virsmas.<br \/>\nBipodu var uzst\u0101d\u012bt divos veidos, t.i., uz Picatinny sliedes vai \u0161autenes aug\u0161da\u013cas (iek\u013cauts adapteris).  <\/p>\n","protected":false},"featured_media":124434,"template":"","meta":{"_acf_changed":false},"product_brand":[],"product_cat":[1042,1041],"product_tag":[],"class_list":{"0":"post-151527","1":"product","2":"type-product","3":"status-publish","4":"has-post-thumbnail","6":"product_cat-mati","7":"product_cat-rokturi","9":"first","10":"instock","11":"purchasable","12":"product-type-simple"},"acf":[],"_links":{"self":[{"href":"https:\/\/kingarms.ee\/lv\/wp-json\/wp\/v2\/product\/151527","targetHints":{"allow":["GET"]}}],"collection":[{"href":"https:\/\/kingarms.ee\/lv\/wp-json\/wp\/v2\/product"}],"about":[{"href":"https:\/\/kingarms.ee\/lv\/wp-json\/wp\/v2\/types\/product"}],"wp:featuredmedia":[{"embeddable":true,"href":"https:\/\/kingarms.ee\/lv\/wp-json\/wp\/v2\/media\/124434"}],"wp:attachment":[{"href":"https:\/\/kingarms.ee\/lv\/wp-json\/wp\/v2\/media?parent=151527"}],"wp:term":[{"taxonomy":"product_brand","embeddable":true,"href":"https:\/\/kingarms.ee\/lv\/wp-json\/wp\/v2\/product_brand?post=151527"},{"taxonomy":"product_cat","embeddable":true,"href":"https:\/\/kingarms.ee\/lv\/wp-json\/wp\/v2\/product_cat?post=151527"},{"taxonomy":"product_tag","embeddable":true,"href":"https:\/\/kingarms.ee\/lv\/wp-json\/wp\/v2\/product_tag?post=151527"}],"curies":[{"name":"wp","href":"https:\/\/api.w.org\/{rel}","templated":true}]}}