{"id":151529,"date":"2022-10-17T15:47:32","date_gmt":"2025-06-29T10:59:08","guid":{"rendered":"https:\/\/kingarms.ee\/product\/glock-17-gen-4-blowback-glock\/"},"modified":"2025-06-29T13:59:08","modified_gmt":"2025-06-29T10:59:08","slug":"glock-17-gen-4-blowback-glock","status":"publish","type":"product","link":"https:\/\/kingarms.ee\/lv\/product\/glock-17-gen-4-blowback-glock\/","title":{"rendered":"Glock 17 gen 4 blowback Glock"},"content":{"rendered":"<p><img loading=\"lazy\" decoding=\"async\" class=\"alignnone size-full wp-image-148343\" src=\"https:\/\/kingarms.ee\/wp-content\/uploads\/2022\/10\/259bfe4ec3e7ce4487fac30ae67e17cf.jpeg\" alt=\"\" width=\"1000\" height=\"750\" srcset=\"https:\/\/kingarms.ee\/wp-content\/uploads\/2022\/10\/259bfe4ec3e7ce4487fac30ae67e17cf.jpeg 1000w, https:\/\/kingarms.ee\/wp-content\/uploads\/2022\/10\/259bfe4ec3e7ce4487fac30ae67e17cf-300x225.jpeg 300w, https:\/\/kingarms.ee\/wp-content\/uploads\/2022\/10\/259bfe4ec3e7ce4487fac30ae67e17cf-768x576.jpeg 768w, https:\/\/kingarms.ee\/wp-content\/uploads\/2022\/10\/259bfe4ec3e7ce4487fac30ae67e17cf-500x375.jpeg 500w, https:\/\/kingarms.ee\/wp-content\/uploads\/2022\/10\/259bfe4ec3e7ce4487fac30ae67e17cf-150x113.jpeg 150w\" sizes=\"auto, (max-width: 1000px) 100vw, 1000px\" \/><\/p>\n","protected":false},"excerpt":{"rendered":"<p>Glock 17 gen 4 blowback Glock<br \/>\nMont\u0101\u017eas sliedes skaits 1<br \/>\nKalibrs [mm] 4.46 mm<br \/>\nVar uzst\u0101d\u012bt<br \/>\nl\u0101zera skats,<br \/>\nluktur\u012btis<br \/>\nMazs atsitiens (l\u012bdz 10 J)<br \/>\n\u017durn\u0101la ietilp\u012bba [gab.] 18<br \/>\nS\u0101kotn\u0113jais \u0101trums [m \/ s] 130<br \/>\nSliedes tips 22 mm<\/p>\n","protected":false},"featured_media":148346,"template":"","meta":{"_acf_changed":false},"product_brand":[],"product_cat":[1005],"product_tag":[],"class_list":{"0":"post-151529","1":"product","2":"type-product","3":"status-publish","4":"has-post-thumbnail","6":"product_cat-rokas-pistoles-lv","8":"first","9":"instock","10":"taxable","11":"shipping-taxable","12":"purchasable","13":"product-type-simple"},"acf":[],"_links":{"self":[{"href":"https:\/\/kingarms.ee\/lv\/wp-json\/wp\/v2\/product\/151529","targetHints":{"allow":["GET"]}}],"collection":[{"href":"https:\/\/kingarms.ee\/lv\/wp-json\/wp\/v2\/product"}],"about":[{"href":"https:\/\/kingarms.ee\/lv\/wp-json\/wp\/v2\/types\/product"}],"wp:featuredmedia":[{"embeddable":true,"href":"https:\/\/kingarms.ee\/lv\/wp-json\/wp\/v2\/media\/148346"}],"wp:attachment":[{"href":"https:\/\/kingarms.ee\/lv\/wp-json\/wp\/v2\/media?parent=151529"}],"wp:term":[{"taxonomy":"product_brand","embeddable":true,"href":"https:\/\/kingarms.ee\/lv\/wp-json\/wp\/v2\/product_brand?post=151529"},{"taxonomy":"product_cat","embeddable":true,"href":"https:\/\/kingarms.ee\/lv\/wp-json\/wp\/v2\/product_cat?post=151529"},{"taxonomy":"product_tag","embeddable":true,"href":"https:\/\/kingarms.ee\/lv\/wp-json\/wp\/v2\/product_tag?post=151529"}],"curies":[{"name":"wp","href":"https:\/\/api.w.org\/{rel}","templated":true}]}}