{"id":151530,"date":"2022-10-17T15:47:21","date_gmt":"2025-06-29T10:59:29","guid":{"rendered":"https:\/\/kingarms.ee\/product\/supultikls-lesovik\/"},"modified":"2025-06-29T13:59:29","modified_gmt":"2025-06-29T10:59:29","slug":"supultikls-lesovik","status":"publish","type":"product","link":"https:\/\/kingarms.ee\/lv\/product\/supultikls-lesovik\/","title":{"rendered":"\u0160\u016bpu\u013ct\u012bkls [Lesovik]"},"content":{"rendered":"","protected":false},"excerpt":{"rendered":"<p>\u0160\u016bpu\u013ct\u012bkls [Lesovik]<\/p>\n<p>Kad gu\u013c gu\u013camt\u012bkls, regul\u0101ri gu\u013cammaiss izpau\u017eas saspiests, kas rada maz\u0101k izol\u0101cija uz s\u0101niem un apak\u0161\u0101. Tas ir \u012bpa\u0161i ne\u0113rti aukst\u0101kos gadalaikos, piem\u0113ram, ruden\u012b, ziem\u0101 vai agr\u0101 pavasar\u012b, kad pat lab\u0101kie gul\u0113\u0161anas pakl\u0101ji negarant\u0113s pietiekamu aizsardz\u012bbu pret aukstumu. OTUL Underquilt ieskauj j\u016bsu \u0161\u016bpu\u013ct\u012bkla s\u0101nus un dibenu un aiztur gaisu, ko j\u016bsu \u0137ermenis silda, lai j\u016bs var\u0113tu \u0113rti un jauki gul\u0113t nakt\u012b pat tad, kad iest\u0101jas auksts laiks. Kad j\u016bs sa\u0146emsiet OTUL, jums vairs neb\u016bs j\u0101izmanto miega pakl\u0101js!<br \/>\nViesn\u012bca ir visviegl\u0101kais pilna izm\u0113ra sint\u0113tiskais apak\u0161kl\u0101js, kas pieejams tirg\u016b taj\u0101 pa\u0161\u0101 temperat\u016bras kategorij\u0101.<\/p>\n","protected":false},"featured_media":124571,"template":"","meta":{"_acf_changed":false},"product_brand":[],"product_cat":[1119],"product_tag":[],"class_list":{"0":"post-151530","1":"product","2":"type-product","3":"status-publish","4":"has-post-thumbnail","6":"product_cat-celojumu-preces","8":"first","9":"instock","10":"sale","11":"purchasable","12":"product-type-simple"},"acf":[],"_links":{"self":[{"href":"https:\/\/kingarms.ee\/lv\/wp-json\/wp\/v2\/product\/151530","targetHints":{"allow":["GET"]}}],"collection":[{"href":"https:\/\/kingarms.ee\/lv\/wp-json\/wp\/v2\/product"}],"about":[{"href":"https:\/\/kingarms.ee\/lv\/wp-json\/wp\/v2\/types\/product"}],"wp:featuredmedia":[{"embeddable":true,"href":"https:\/\/kingarms.ee\/lv\/wp-json\/wp\/v2\/media\/124571"}],"wp:attachment":[{"href":"https:\/\/kingarms.ee\/lv\/wp-json\/wp\/v2\/media?parent=151530"}],"wp:term":[{"taxonomy":"product_brand","embeddable":true,"href":"https:\/\/kingarms.ee\/lv\/wp-json\/wp\/v2\/product_brand?post=151530"},{"taxonomy":"product_cat","embeddable":true,"href":"https:\/\/kingarms.ee\/lv\/wp-json\/wp\/v2\/product_cat?post=151530"},{"taxonomy":"product_tag","embeddable":true,"href":"https:\/\/kingarms.ee\/lv\/wp-json\/wp\/v2\/product_tag?post=151530"}],"curies":[{"name":"wp","href":"https:\/\/api.w.org\/{rel}","templated":true}]}}