{"id":151535,"date":"2022-10-17T15:47:21","date_gmt":"2025-06-29T11:01:24","guid":{"rendered":"https:\/\/kingarms.ee\/product\/bow-beast-hunter-15-20lb-polija\/"},"modified":"2025-06-29T14:01:24","modified_gmt":"2025-06-29T11:01:24","slug":"bow-beast-hunter-15-20lb-polija","status":"publish","type":"product","link":"https:\/\/kingarms.ee\/lv\/product\/bow-beast-hunter-15-20lb-polija\/","title":{"rendered":"Bow beast hunter 15 &#8211; 20lb [Polija]"},"content":{"rendered":"","protected":false},"excerpt":{"rendered":"<p>Bow beast hunter 15 &#8211; 20lb [Polija]<\/p>\n<p>Klasisk\u0101 Beast Hunter priek\u0161gala, ko sauc par Beetle, Vilces svars ir 15-20 m\u0101rci\u0146as. Tas ir piem\u0113rots junioriem un sieviet\u0113m l\u012bdz 165cm gar\u0161. No deadlift garums sv\u0101rst\u0101s no 22-26 collas. Pievilc\u012bgo dizainu nodro\u0161ina zil\u0101 met\u0101la priek\u0161gala korpuss un baltas stikla lamin\u0101ta rokas.   <\/p>\n","protected":false},"featured_media":124540,"template":"","meta":{"_acf_changed":false},"product_brand":[],"product_cat":[1018,1013],"product_tag":[],"class_list":{"0":"post-151535","1":"product","2":"type-product","3":"status-publish","4":"has-post-thumbnail","6":"product_cat-loki","7":"product_cat-loki-un-sen","9":"first","10":"onbackorder","11":"product-type-simple"},"acf":[],"_links":{"self":[{"href":"https:\/\/kingarms.ee\/lv\/wp-json\/wp\/v2\/product\/151535","targetHints":{"allow":["GET"]}}],"collection":[{"href":"https:\/\/kingarms.ee\/lv\/wp-json\/wp\/v2\/product"}],"about":[{"href":"https:\/\/kingarms.ee\/lv\/wp-json\/wp\/v2\/types\/product"}],"wp:featuredmedia":[{"embeddable":true,"href":"https:\/\/kingarms.ee\/lv\/wp-json\/wp\/v2\/media\/124540"}],"wp:attachment":[{"href":"https:\/\/kingarms.ee\/lv\/wp-json\/wp\/v2\/media?parent=151535"}],"wp:term":[{"taxonomy":"product_brand","embeddable":true,"href":"https:\/\/kingarms.ee\/lv\/wp-json\/wp\/v2\/product_brand?post=151535"},{"taxonomy":"product_cat","embeddable":true,"href":"https:\/\/kingarms.ee\/lv\/wp-json\/wp\/v2\/product_cat?post=151535"},{"taxonomy":"product_tag","embeddable":true,"href":"https:\/\/kingarms.ee\/lv\/wp-json\/wp\/v2\/product_tag?post=151535"}],"curies":[{"name":"wp","href":"https:\/\/api.w.org\/{rel}","templated":true}]}}