{"id":151540,"date":"2022-07-18T15:56:23","date_gmt":"2025-06-29T11:06:04","guid":{"rendered":"https:\/\/kingarms.ee\/product\/diapazona-mekletajs-razor-hd4000-virpulis\/"},"modified":"2025-06-29T14:06:04","modified_gmt":"2025-06-29T11:06:04","slug":"diapazona-mekletajs-razor-hd4000-virpulis","status":"publish","type":"product","link":"https:\/\/kingarms.ee\/lv\/product\/diapazona-mekletajs-razor-hd4000-virpulis\/","title":{"rendered":"Diapazona mekl\u0113t\u0101js Razor HD4000 virpulis"},"content":{"rendered":"","protected":false},"excerpt":{"rendered":"<p>Diapazona mekl\u0113t\u0101js Razor HD4000 virpulis<\/p>\n<p>Razor HD 4000 ir b\u016btisks pavadonis gal\u0113jam medniekam, Str\u0113lniekam un \u0161\u0101v\u0113jam. \u0100rk\u0101rt\u012bgi efekt\u012bv\u0101 le\u0146\u0137a kompens\u0113t\u0101 l\u0101zera att\u0101luma mekl\u0113t\u0101jam ir \u010detri m\u0113r\u0137auditorijas atlases re\u017e\u012bmi (parastais re\u017e\u012bms, Pirmais re\u017e\u012bms, p\u0113d\u0113jais re\u017e\u012bms un papla\u0161in\u0101tais l\u0101zera diapazona re\u017e\u012bms) jebkurai diapazona videi. Prim\u0101rais HCD (horizont\u0101l\u0101 Komponenta att\u0101luma) diapazona re\u017e\u012bms nodro\u0161ina galveno le\u0146\u0137a kompens\u0113to diapazona inform\u0101ciju, ko pieprasa liel\u0101k\u0101 da\u013ca \u0161\u0101v\u0113ju vienk\u0101r\u0161\u0101, \u0101tri las\u0101m\u0101 displej\u0101. Razor HD 4000 ir ar\u012b LOS (redzes l\u012bnijas) diapazona re\u017e\u012bms un sken\u0113\u0161anas funkcija.   <\/p>\n<p><strong>Iek\u013cauts kast\u0113<\/strong><br \/>\nSomi\u0146a<br \/>\nObjekt\u012bva Audums<br \/>\nSe\u0161st\u016bra uzgrie\u017e\u0146u atsl\u0113ga<br \/>\nCR2 akumulators<\/p>\n","protected":false},"featured_media":123127,"template":"","meta":{"_acf_changed":false},"product_brand":[],"product_cat":[1039],"product_tag":[],"class_list":{"0":"post-151540","1":"product","2":"type-product","3":"status-publish","4":"has-post-thumbnail","6":"product_cat-kaugusmootja-lv","8":"first","9":"onbackorder","10":"taxable","11":"shipping-taxable","12":"product-type-simple"},"acf":[],"_links":{"self":[{"href":"https:\/\/kingarms.ee\/lv\/wp-json\/wp\/v2\/product\/151540","targetHints":{"allow":["GET"]}}],"collection":[{"href":"https:\/\/kingarms.ee\/lv\/wp-json\/wp\/v2\/product"}],"about":[{"href":"https:\/\/kingarms.ee\/lv\/wp-json\/wp\/v2\/types\/product"}],"wp:featuredmedia":[{"embeddable":true,"href":"https:\/\/kingarms.ee\/lv\/wp-json\/wp\/v2\/media\/123127"}],"wp:attachment":[{"href":"https:\/\/kingarms.ee\/lv\/wp-json\/wp\/v2\/media?parent=151540"}],"wp:term":[{"taxonomy":"product_brand","embeddable":true,"href":"https:\/\/kingarms.ee\/lv\/wp-json\/wp\/v2\/product_brand?post=151540"},{"taxonomy":"product_cat","embeddable":true,"href":"https:\/\/kingarms.ee\/lv\/wp-json\/wp\/v2\/product_cat?post=151540"},{"taxonomy":"product_tag","embeddable":true,"href":"https:\/\/kingarms.ee\/lv\/wp-json\/wp\/v2\/product_tag?post=151540"}],"curies":[{"name":"wp","href":"https:\/\/api.w.org\/{rel}","templated":true}]}}