{"id":151541,"date":"2022-08-01T12:17:54","date_gmt":"2025-06-29T11:06:05","guid":{"rendered":"https:\/\/kingarms.ee\/product\/kiveres-kopnes-adaptera-komplekts-z-tactical-3\/"},"modified":"2025-06-29T14:06:05","modified_gmt":"2025-06-29T11:06:05","slug":"kiveres-kopnes-adaptera-komplekts-z-tactical-3","status":"publish","type":"product","link":"https:\/\/kingarms.ee\/lv\/product\/kiveres-kopnes-adaptera-komplekts-z-tactical-3\/","title":{"rendered":"\u0136iveres kopnes adaptera komplekts (Z-Tactical)"},"content":{"rendered":"<p>\u0136iveres kopnes adaptera komplekts (Z-Tactical)<\/p>\n","protected":false},"excerpt":{"rendered":"<p>Stiprin\u0101jumi dod lietot\u0101jam iesp\u0113ju savienot akt\u012bv\u0101s vai pas\u012bv\u0101s Austi\u0146as ar \u0137iveri.<\/p>\n<p>Ra\u017eot\u0101js: Z-Tactical<\/p>\n","protected":false},"featured_media":123147,"template":"","meta":{"_acf_changed":false},"product_brand":[],"product_cat":[1023],"product_tag":[],"class_list":{"0":"post-151541","1":"product","2":"type-product","3":"status-publish","4":"has-post-thumbnail","6":"product_cat-austinu-pielikumi","8":"first","9":"onbackorder","10":"taxable","11":"shipping-taxable","12":"product-type-simple"},"acf":[],"_links":{"self":[{"href":"https:\/\/kingarms.ee\/lv\/wp-json\/wp\/v2\/product\/151541","targetHints":{"allow":["GET"]}}],"collection":[{"href":"https:\/\/kingarms.ee\/lv\/wp-json\/wp\/v2\/product"}],"about":[{"href":"https:\/\/kingarms.ee\/lv\/wp-json\/wp\/v2\/types\/product"}],"wp:featuredmedia":[{"embeddable":true,"href":"https:\/\/kingarms.ee\/lv\/wp-json\/wp\/v2\/media\/123147"}],"wp:attachment":[{"href":"https:\/\/kingarms.ee\/lv\/wp-json\/wp\/v2\/media?parent=151541"}],"wp:term":[{"taxonomy":"product_brand","embeddable":true,"href":"https:\/\/kingarms.ee\/lv\/wp-json\/wp\/v2\/product_brand?post=151541"},{"taxonomy":"product_cat","embeddable":true,"href":"https:\/\/kingarms.ee\/lv\/wp-json\/wp\/v2\/product_cat?post=151541"},{"taxonomy":"product_tag","embeddable":true,"href":"https:\/\/kingarms.ee\/lv\/wp-json\/wp\/v2\/product_tag?post=151541"}],"curies":[{"name":"wp","href":"https:\/\/api.w.org\/{rel}","templated":true}]}}