{"id":151542,"date":"2022-09-25T14:57:22","date_gmt":"2025-06-29T11:06:06","guid":{"rendered":"https:\/\/kingarms.ee\/product\/gazes-silditajs-plits\/"},"modified":"2025-06-29T14:06:06","modified_gmt":"2025-06-29T11:06:06","slug":"gazes-silditajs-plits","status":"publish","type":"product","link":"https:\/\/kingarms.ee\/lv\/product\/gazes-silditajs-plits\/","title":{"rendered":"G\u0101zes sild\u012bt\u0101js\/pl\u012bts"},"content":{"rendered":"<p><img loading=\"lazy\" decoding=\"async\" class=\"alignnone size-medium wp-image-62034\" src=\"https:\/\/kingarms.ee\/wp-content\/uploads\/2022\/09\/33793-800x800-1-300x300.jpeg\" alt=\"\" width=\"300\" height=\"300\" srcset=\"https:\/\/kingarms.ee\/wp-content\/uploads\/2022\/09\/33793-800x800-1-300x300.jpeg 300w, https:\/\/kingarms.ee\/wp-content\/uploads\/2022\/09\/33793-800x800-1-150x150.jpeg 150w, https:\/\/kingarms.ee\/wp-content\/uploads\/2022\/09\/33793-800x800-1-768x768.jpeg 768w, https:\/\/kingarms.ee\/wp-content\/uploads\/2022\/09\/33793-800x800-1-500x500.jpeg 500w, https:\/\/kingarms.ee\/wp-content\/uploads\/2022\/09\/33793-800x800-1.jpeg 800w\" sizes=\"auto, (max-width: 300px) 100vw, 300px\" \/><\/p>\n","protected":false},"excerpt":{"rendered":"<p>G\u0101zes sild\u012bt\u0101js\/pl\u012bts<\/p>\n<p>Iestat\u012bjumus var izmantot k\u0101 sild\u012bt\u0101ju, k\u0101 ar\u012b pl\u012bti.<\/p>\n<p>Ide\u0101ls kempingiem un cit\u0101m \u0101ra aktivit\u0101t\u0113m!<br \/>\nG\u0101zes sild\u012bt\u0101js ar elektronisko aizdedzi (g\u0101zes balons)<br \/>\nregul\u0113jams sildelements<br \/>\nRegul\u0113jams Sl\u012bpuma le\u0146\u0137is<br \/>\nelektronisk\u0101 aizdedze ar rokturi<br \/>\nAizsardz\u012bbas re\u017e\u0123is<br \/>\nIzmantojiet tikai \u0101rpus telp\u0101m!<\/p>\n<p>inform\u0101cija<br \/>\nSvars: 2.3 kg<br \/>\nIzm\u0113ri: 30 x 20 x 27 cm (LxPxK)<br \/>\nK\u0101rtrid\u017ea tips: MSF-1a (nav iek\u013cauts)<br \/>\nmaksim\u0101l\u0101 jauda: 1.3 KW 100 g \/ h<br \/>\nKr\u0101sa: Melna<\/p>\n","protected":false},"featured_media":131021,"template":"","meta":{"_acf_changed":false},"product_brand":[],"product_cat":[1119],"product_tag":[],"class_list":{"0":"post-151542","1":"product","2":"type-product","3":"status-publish","4":"has-post-thumbnail","6":"product_cat-celojumu-preces","8":"first","9":"instock","10":"sale","11":"taxable","12":"shipping-taxable","13":"purchasable","14":"product-type-simple"},"acf":[],"_links":{"self":[{"href":"https:\/\/kingarms.ee\/lv\/wp-json\/wp\/v2\/product\/151542","targetHints":{"allow":["GET"]}}],"collection":[{"href":"https:\/\/kingarms.ee\/lv\/wp-json\/wp\/v2\/product"}],"about":[{"href":"https:\/\/kingarms.ee\/lv\/wp-json\/wp\/v2\/types\/product"}],"wp:featuredmedia":[{"embeddable":true,"href":"https:\/\/kingarms.ee\/lv\/wp-json\/wp\/v2\/media\/131021"}],"wp:attachment":[{"href":"https:\/\/kingarms.ee\/lv\/wp-json\/wp\/v2\/media?parent=151542"}],"wp:term":[{"taxonomy":"product_brand","embeddable":true,"href":"https:\/\/kingarms.ee\/lv\/wp-json\/wp\/v2\/product_brand?post=151542"},{"taxonomy":"product_cat","embeddable":true,"href":"https:\/\/kingarms.ee\/lv\/wp-json\/wp\/v2\/product_cat?post=151542"},{"taxonomy":"product_tag","embeddable":true,"href":"https:\/\/kingarms.ee\/lv\/wp-json\/wp\/v2\/product_tag?post=151542"}],"curies":[{"name":"wp","href":"https:\/\/api.w.org\/{rel}","templated":true}]}}