{"id":151545,"date":"2022-07-18T15:50:41","date_gmt":"2025-06-29T11:07:55","guid":{"rendered":"https:\/\/kingarms.ee\/product\/attaluma-mekletajs-crossfire-hd1400-virpulis\/"},"modified":"2025-06-29T14:07:55","modified_gmt":"2025-06-29T11:07:55","slug":"attaluma-mekletajs-crossfire-hd1400-virpulis","status":"publish","type":"product","link":"https:\/\/kingarms.ee\/lv\/product\/attaluma-mekletajs-crossfire-hd1400-virpulis\/","title":{"rendered":"Att\u0101luma mekl\u0113t\u0101js Crossfire HD1400 virpulis"},"content":{"rendered":"","protected":false},"excerpt":{"rendered":"<p>Att\u0101luma mekl\u0113t\u0101js Crossfire HD1400 virpulis<\/p>\n<p>Ja j\u016bs esat par med\u012bbas par perfektu go-to l\u0101zera t\u0101lm\u0113rs priek\u0161gala un \u0161autene medniekiem l\u012bdz\u012bgi, j\u016bs esat atradis to Crossfire\u2122 HD 1400. Crossfire\u2122 HD 1400 ir viss nepiecie\u0161amais un nekas, kas jums nav. ar 1400 jardu maksim\u0101lo diapazonu (750 uz brie\u017eiem) j\u016bs sa\u0146emat daudz jaudas diapazon\u0101, un, pateicoties HD optiskajai sist\u0113mai, Jums b\u016bs iesp\u0113ja izv\u0113l\u0113ties jebkuru ainavu. Lai atbilstu jebkurai med\u012bbu videi, Crossfire\u2122 HD 1400 ir tr\u012bs m\u0113r\u0137a re\u017e\u012bmi (Norm\u0101ls, pirmais, p\u0113d\u0113jais) un divi rangu mode\u013ci (HCD un LOS). Sarkanais OLED displejs saglab\u0101 nolas\u012bjumu skaidru jebkuros apgaismojuma apst\u0101k\u013cos, un tikai 4, 8 unces Crossfire\u2122 HD1400 smagi med\u012b un nes gaismu.    <\/p>\n<p><strong>Iek\u013cauts kast\u0113<\/strong><br \/>\nM\u012bksts Somi\u0146a<br \/>\nRokas \u0160trope<br \/>\nBungee Vadu \u0160trope<br \/>\nObjekt\u012bva Audums<br \/>\n\u0100\u0137a un cilpas siksnas stiprin\u0101jums<br \/>\nCR2 akumulators<\/p>\n","protected":false},"featured_media":123103,"template":"","meta":{"_acf_changed":false},"product_brand":[],"product_cat":[1039],"product_tag":[],"class_list":{"0":"post-151545","1":"product","2":"type-product","3":"status-publish","4":"has-post-thumbnail","6":"product_cat-kaugusmootja-lv","8":"first","9":"onbackorder","10":"taxable","11":"shipping-taxable","12":"product-type-simple"},"acf":[],"_links":{"self":[{"href":"https:\/\/kingarms.ee\/lv\/wp-json\/wp\/v2\/product\/151545","targetHints":{"allow":["GET"]}}],"collection":[{"href":"https:\/\/kingarms.ee\/lv\/wp-json\/wp\/v2\/product"}],"about":[{"href":"https:\/\/kingarms.ee\/lv\/wp-json\/wp\/v2\/types\/product"}],"wp:featuredmedia":[{"embeddable":true,"href":"https:\/\/kingarms.ee\/lv\/wp-json\/wp\/v2\/media\/123103"}],"wp:attachment":[{"href":"https:\/\/kingarms.ee\/lv\/wp-json\/wp\/v2\/media?parent=151545"}],"wp:term":[{"taxonomy":"product_brand","embeddable":true,"href":"https:\/\/kingarms.ee\/lv\/wp-json\/wp\/v2\/product_brand?post=151545"},{"taxonomy":"product_cat","embeddable":true,"href":"https:\/\/kingarms.ee\/lv\/wp-json\/wp\/v2\/product_cat?post=151545"},{"taxonomy":"product_tag","embeddable":true,"href":"https:\/\/kingarms.ee\/lv\/wp-json\/wp\/v2\/product_tag?post=151545"}],"curies":[{"name":"wp","href":"https:\/\/api.w.org\/{rel}","templated":true}]}}