{"id":151546,"date":"2022-06-27T12:09:51","date_gmt":"2025-06-29T11:08:13","guid":{"rendered":"https:\/\/kingarms.ee\/product\/nedelas-partikas-piegades-komplekts-ar-galas-weekpack-alpha-2080g\/"},"modified":"2025-06-29T14:08:13","modified_gmt":"2025-06-29T11:08:13","slug":"nedelas-partikas-piegades-komplekts-ar-galas-weekpack-alpha-2080g","status":"publish","type":"product","link":"https:\/\/kingarms.ee\/lv\/product\/nedelas-partikas-piegades-komplekts-ar-galas-weekpack-alpha-2080g\/","title":{"rendered":"Ned\u0113\u013cas p\u0101rtikas pieg\u0101des komplekts ar ga\u013cas WeekPack Alpha 2080g"},"content":{"rendered":"","protected":false},"excerpt":{"rendered":"<ul>\n<li>Ned\u0113\u013cas p\u0101rtikas pieg\u0101des komplekts ar ga\u013cas WeekPack Alpha 2080g<\/li>\n<li class=\"stock out-of-stock\"><strong>Visa ned\u0113\u013ca p\u0101rtikas vienai personai<\/strong><\/li>\n<li>Dodieties p\u0101rg\u0101jienos, mak\u0161\u0137er\u0113jot ar draugiem, j\u016bru vai jebkuru citu piedz\u012bvojumu-satveriet taktisko ned\u0113\u013cas paku,un jums nav j\u0101uztraucas par \u0113dienu<\/li>\n<li>Tikai gad\u012bjum\u0101, ja v\u0113laties, lai m\u0101j\u0101s b\u016btu p\u0101rtikas pieg\u0101de, kas garant\u0113s j\u016bsu \u0123imenes uztic\u012bbu, ja b\u016btu putenis, pl\u016bdi vai, piem\u0113ram, str\u0101vas padeves p\u0101rtraukums<\/li>\n<li>Ar WeekPack ietver 21 karstos \u0113dienus (10 gar\u0161\u012bgi pamat\u0113dieni, 7 brokastis un 4 zupas)<\/li>\n<li>Ned\u0113\u013cas paket\u0113 iek\u013caut\u0101s malt\u012btes tiek gatavotas Igaunij\u0101<\/li>\n<li>Pievienojiet tikai \u016bdeni<\/li>\n<\/ul>\n<p>Gad\u012bjum\u0101, ja karstu \u016bdeni nevar pagatavot, tad<a href=\"https:\/\/toidupakk.ee\/tactical-foodpack\/tactical-fire-pot-suutegeel-40ml\/\"> katram<\/a> gad\u012bjumam iesak\u0101m ar\u012b uzkr\u0101t aizdedzino\u0161u \u017eeleju, kas \u013cauj vienk\u0101r\u0161i sild\u012bt p\u0101rtiku jebkuros apst\u0101k\u013cos. Tactical Fire Pot Aizdedzes \u017eeleja \u013cauj sild\u012bt l\u012bdz 10 p\u0101rtikas iepakojumiem. <\/p>\n<p>Ja atkl\u0101tu liesmu nevar izmantot vai \u016bdeni nevar v\u0101r\u012bt, p\u0101rtikas <strong>sild\u012b\u0161anai ir <\/strong>p\u0101rtikas sild\u012b\u0161anas maisi\u0146\u0161 ar sildelementu. Tas \u013cauj sagatavot visas taktisk\u0101s Foodpack malt\u012btes. Sildelements rea\u0123\u0113 uz saskari<a href=\"https:\/\/toidupakk.ee\/tactical-foodpack\/toidu-kuumutuskott-kutteelemendiga\/\"> ar aukstu \u016bdeni, un \u016bdens temperat\u016bra paaugstin\u0101s l\u012bdz <\/a>100 gr\u0101diem.  <\/p>\n<p>&nbsp;<\/p>\n<p><strong>Malt\u012btes iek\u013cautas weekpack:<\/strong><\/p>\n<p>4x r\u012bsu biezputra ar aven\u0113m. &#8211; Neto svars 90g, ener\u0123\u0113tisk\u0101 v\u0113rt\u012bba uz porciju 425 kcal<br \/>\n3x auzu p\u0101rslu biezputra ar \u0101boliem-Neto svars 90g, ener\u0123\u0113tisk\u0101 v\u0113rt\u012bba uz porciju 390 kcal<br \/>\n2x Spageti Bolognese-Neto svars 115g, ener\u0123\u0113tisk\u0101 v\u0113rt\u012bba uz porciju 542 kcal<br \/>\n2x kartupe\u013cu biezeni ar bekonu-Neto svars 110g, ener\u0123\u0113tisk\u0101 v\u0113rt\u012bba uz porciju 601 kcal<br \/>\n2x ga\u013cas zupa-Neto svars 90g, ener\u0123\u0113tisk\u0101 v\u0113rt\u012bba uz porciju 440 kcal<br \/>\n2x pikanta n\u016bde\u013cu zupa. &#8211; Neto svars 70g, ener\u0123\u0113tisk\u0101 v\u0113rt\u012bba uz porciju 346 kcal<br \/>\n2x vistas karijs ar r\u012bsiem. &#8211; Neto svars 100g, ener\u0123\u0113tisk\u0101 v\u0113rt\u012bba uz porciju 500 kcal<br \/>\n2x r\u012bsu \u0113diens ar c\u016bkga\u013cu-Neto svars 115g, ener\u0123\u0113tisk\u0101 v\u0113rt\u012bba uz porciju 523 kcal<br \/>\n2x n\u016bde\u013cu \u0113diens ar vistu. &#8211; Neto svars 115g, ener\u0123\u0113tisk\u0101 v\u0113rt\u012bba uz porciju 550 kcal    <\/p>\n<p>Kop\u0113j\u0101 ener\u0123\u0113tisk\u0101 v\u0113rt\u012bba: 9874 kcal<br clear=\"none\">Kop\u0113jais olbaltumvielu daudzums: 355,2 g<\/p>\n<p><strong>Der\u012bguma termi\u0146\u0161: 8 gadi<\/strong><\/p>\n","protected":false},"featured_media":122725,"template":"","meta":{"_acf_changed":false},"product_brand":[],"product_cat":[1128],"product_tag":[],"class_list":{"0":"post-151546","1":"product","2":"type-product","3":"status-publish","4":"has-post-thumbnail","6":"product_cat-taktiska-partikas","8":"first","9":"instock","10":"taxable","11":"shipping-taxable","12":"purchasable","13":"product-type-simple"},"acf":[],"_links":{"self":[{"href":"https:\/\/kingarms.ee\/lv\/wp-json\/wp\/v2\/product\/151546","targetHints":{"allow":["GET"]}}],"collection":[{"href":"https:\/\/kingarms.ee\/lv\/wp-json\/wp\/v2\/product"}],"about":[{"href":"https:\/\/kingarms.ee\/lv\/wp-json\/wp\/v2\/types\/product"}],"wp:featuredmedia":[{"embeddable":true,"href":"https:\/\/kingarms.ee\/lv\/wp-json\/wp\/v2\/media\/122725"}],"wp:attachment":[{"href":"https:\/\/kingarms.ee\/lv\/wp-json\/wp\/v2\/media?parent=151546"}],"wp:term":[{"taxonomy":"product_brand","embeddable":true,"href":"https:\/\/kingarms.ee\/lv\/wp-json\/wp\/v2\/product_brand?post=151546"},{"taxonomy":"product_cat","embeddable":true,"href":"https:\/\/kingarms.ee\/lv\/wp-json\/wp\/v2\/product_cat?post=151546"},{"taxonomy":"product_tag","embeddable":true,"href":"https:\/\/kingarms.ee\/lv\/wp-json\/wp\/v2\/product_tag?post=151546"}],"curies":[{"name":"wp","href":"https:\/\/api.w.org\/{rel}","templated":true}]}}