{"id":151547,"date":"2022-07-18T13:15:23","date_gmt":"2025-06-29T11:08:14","guid":{"rendered":"https:\/\/kingarms.ee\/product\/polstereta-patrulas-josta-emerson-gear\/"},"modified":"2025-06-29T14:08:14","modified_gmt":"2025-06-29T11:08:14","slug":"polstereta-patrulas-josta-emerson-gear","status":"publish","type":"product","link":"https:\/\/kingarms.ee\/lv\/product\/polstereta-patrulas-josta-emerson-gear\/","title":{"rendered":"POLSTER\u0112TA PATRU\u013bAS JOSTA EMERSON GEAR"},"content":{"rendered":"","protected":false},"excerpt":{"rendered":"<p>POLSTER\u0112TA PATRU\u013bAS JOSTA EMERSON GEAR<br \/>\nPolster\u0113ta patru\u013cas josta<br \/>\nMolle sist\u0113ma<br \/>\nKlipu sl\u0113g\u0161ana<br \/>\nAugstums 9cm<br \/>\nPlatums 94-148cm<br \/>\nLiela izm\u0113ra<br \/>\nMulticam kr\u0101sa<\/p>\n","protected":false},"featured_media":123051,"template":"","meta":{"_acf_changed":false},"product_brand":[],"product_cat":[1090],"product_tag":[],"class_list":{"0":"post-151547","1":"product","2":"type-product","3":"status-publish","4":"has-post-thumbnail","6":"product_cat-ipsc-jostas","8":"first","9":"instock","10":"taxable","11":"shipping-taxable","12":"purchasable","13":"product-type-simple"},"acf":[],"_links":{"self":[{"href":"https:\/\/kingarms.ee\/lv\/wp-json\/wp\/v2\/product\/151547","targetHints":{"allow":["GET"]}}],"collection":[{"href":"https:\/\/kingarms.ee\/lv\/wp-json\/wp\/v2\/product"}],"about":[{"href":"https:\/\/kingarms.ee\/lv\/wp-json\/wp\/v2\/types\/product"}],"wp:featuredmedia":[{"embeddable":true,"href":"https:\/\/kingarms.ee\/lv\/wp-json\/wp\/v2\/media\/123051"}],"wp:attachment":[{"href":"https:\/\/kingarms.ee\/lv\/wp-json\/wp\/v2\/media?parent=151547"}],"wp:term":[{"taxonomy":"product_brand","embeddable":true,"href":"https:\/\/kingarms.ee\/lv\/wp-json\/wp\/v2\/product_brand?post=151547"},{"taxonomy":"product_cat","embeddable":true,"href":"https:\/\/kingarms.ee\/lv\/wp-json\/wp\/v2\/product_cat?post=151547"},{"taxonomy":"product_tag","embeddable":true,"href":"https:\/\/kingarms.ee\/lv\/wp-json\/wp\/v2\/product_tag?post=151547"}],"curies":[{"name":"wp","href":"https:\/\/api.w.org\/{rel}","templated":true}]}}