{"id":151550,"date":"2022-07-18T12:48:42","date_gmt":"2025-06-29T11:10:31","guid":{"rendered":"https:\/\/kingarms.ee\/product\/dekorativa-katana-nero-2\/"},"modified":"2025-06-29T14:10:31","modified_gmt":"2025-06-29T11:10:31","slug":"dekorativa-katana-nero-2","status":"publish","type":"product","link":"https:\/\/kingarms.ee\/lv\/product\/dekorativa-katana-nero-2\/","title":{"rendered":"DEKORAT\u012aV\u0100 KATANA NERO"},"content":{"rendered":"","protected":false},"excerpt":{"rendered":"<p>Dekorat\u012bv\u0101 katana<br \/>\nOglek\u013ca t\u0113rauda asmens<br \/>\nKoka ka\u0161\u0137is un tsuka<br \/>\nMet\u0101la tsuba<br \/>\nKop\u0113jais garums 1000mm<br \/>\nAsmens garums 680mm<\/p>\n","protected":false},"featured_media":122992,"template":"","meta":{"_acf_changed":false},"product_brand":[],"product_cat":[1127],"product_tag":[],"class_list":{"0":"post-151550","1":"product","2":"type-product","3":"status-publish","4":"has-post-thumbnail","6":"product_cat-katana-tanto","8":"first","9":"instock","10":"taxable","11":"shipping-taxable","12":"purchasable","13":"product-type-simple"},"acf":[],"_links":{"self":[{"href":"https:\/\/kingarms.ee\/lv\/wp-json\/wp\/v2\/product\/151550","targetHints":{"allow":["GET"]}}],"collection":[{"href":"https:\/\/kingarms.ee\/lv\/wp-json\/wp\/v2\/product"}],"about":[{"href":"https:\/\/kingarms.ee\/lv\/wp-json\/wp\/v2\/types\/product"}],"wp:featuredmedia":[{"embeddable":true,"href":"https:\/\/kingarms.ee\/lv\/wp-json\/wp\/v2\/media\/122992"}],"wp:attachment":[{"href":"https:\/\/kingarms.ee\/lv\/wp-json\/wp\/v2\/media?parent=151550"}],"wp:term":[{"taxonomy":"product_brand","embeddable":true,"href":"https:\/\/kingarms.ee\/lv\/wp-json\/wp\/v2\/product_brand?post=151550"},{"taxonomy":"product_cat","embeddable":true,"href":"https:\/\/kingarms.ee\/lv\/wp-json\/wp\/v2\/product_cat?post=151550"},{"taxonomy":"product_tag","embeddable":true,"href":"https:\/\/kingarms.ee\/lv\/wp-json\/wp\/v2\/product_tag?post=151550"}],"curies":[{"name":"wp","href":"https:\/\/api.w.org\/{rel}","templated":true}]}}