{"id":151553,"date":"2022-07-18T12:25:05","date_gmt":"2025-06-29T11:12:37","guid":{"rendered":"https:\/\/kingarms.ee\/product\/automats-aligators-tcs2-80-lbs-zals-man-kung\/"},"modified":"2025-06-29T14:12:37","modified_gmt":"2025-06-29T11:12:37","slug":"automats-aligators-tcs2-80-lbs-zals-man-kung","status":"publish","type":"product","link":"https:\/\/kingarms.ee\/lv\/product\/automats-aligators-tcs2-80-lbs-zals-man-kung\/","title":{"rendered":"Autom\u0101ts aligators TCS2 80 LBS za\u013c\u0161 [MAN KUNG]"},"content":{"rendered":"","protected":false},"excerpt":{"rendered":"<p>Autom\u0101ts aligators TCS2 80 LBS za\u013c\u0161 [MAN KUNG]<\/p>\n<p>Alligator tcs2 recurve arbalets<br \/>\nZ\u012bm\u0113t svaru 80 lbs<br \/>\n\u0100trums 185 fps<br \/>\nJaudas g\u0101jiens 6&#8243;<br \/>\nSelf cooking ar kr\u0101jumu<br \/>\nStikla \u0161\u0137iedras locek\u013ci<br \/>\nPolim\u0113ra korpuss<br \/>\nStandarta 20mm aug\u0161\u0113j\u0101 un apak\u0161\u0113j\u0101 sliede<br \/>\nT\u0113m\u0113k\u013ci iek\u013cauti ar regul\u0113jamu aizmugures redzi<br \/>\nPriek\u0161\u0113jais rokturis<br \/>\nIevelkams kr\u0101jums<\/p>\n<p>Platums 42cm (16,5 collas)<br \/>\nGarums 56cm-62cm (22.5-24.4 collas)<br \/>\nSvars 1000g<br \/>\nIeteicam\u0101s 6,5 &#8221; alum\u012bnija skr\u016bves<br \/>\nKomplekt\u0101 ietilpst 3x 6,5 &#8221; alum\u012bnija skr\u016bves<br \/>\nViegla mont\u0101\u017ea, mont\u0101\u017eas aparat\u016bra iek\u013cauta<br \/>\nZa\u013c\u0101 kr\u0101sa<\/p>\n","protected":false},"featured_media":122962,"template":"","meta":{"_acf_changed":false},"product_brand":[],"product_cat":[1013,1014],"product_tag":[],"class_list":{"0":"post-151553","1":"product","2":"type-product","3":"status-publish","4":"has-post-thumbnail","6":"product_cat-loki-un-sen","7":"product_cat-sens","9":"first","10":"instock","11":"taxable","12":"shipping-taxable","13":"purchasable","14":"product-type-simple"},"acf":[],"_links":{"self":[{"href":"https:\/\/kingarms.ee\/lv\/wp-json\/wp\/v2\/product\/151553","targetHints":{"allow":["GET"]}}],"collection":[{"href":"https:\/\/kingarms.ee\/lv\/wp-json\/wp\/v2\/product"}],"about":[{"href":"https:\/\/kingarms.ee\/lv\/wp-json\/wp\/v2\/types\/product"}],"wp:featuredmedia":[{"embeddable":true,"href":"https:\/\/kingarms.ee\/lv\/wp-json\/wp\/v2\/media\/122962"}],"wp:attachment":[{"href":"https:\/\/kingarms.ee\/lv\/wp-json\/wp\/v2\/media?parent=151553"}],"wp:term":[{"taxonomy":"product_brand","embeddable":true,"href":"https:\/\/kingarms.ee\/lv\/wp-json\/wp\/v2\/product_brand?post=151553"},{"taxonomy":"product_cat","embeddable":true,"href":"https:\/\/kingarms.ee\/lv\/wp-json\/wp\/v2\/product_cat?post=151553"},{"taxonomy":"product_tag","embeddable":true,"href":"https:\/\/kingarms.ee\/lv\/wp-json\/wp\/v2\/product_tag?post=151553"}],"curies":[{"name":"wp","href":"https:\/\/api.w.org\/{rel}","templated":true}]}}