{"id":151556,"date":"2022-07-18T12:07:42","date_gmt":"2025-06-29T11:14:12","guid":{"rendered":"https:\/\/kingarms.ee\/product\/arbaleta-skruves-r9-rx-cobra-ek-loka-sausana\/"},"modified":"2025-06-29T14:14:12","modified_gmt":"2025-06-29T11:14:12","slug":"arbaleta-skruves-r9-rx-cobra-ek-loka-sausana","status":"publish","type":"product","link":"https:\/\/kingarms.ee\/lv\/product\/arbaleta-skruves-r9-rx-cobra-ek-loka-sausana\/","title":{"rendered":"Arbaleta Skr\u016bves R9 \/ RX COBRA [EK loka \u0161au\u0161ana]"},"content":{"rendered":"","protected":false},"excerpt":{"rendered":"<p>Arbaleta Skr\u016bves r9 \/ rx cobra [ek loka \u0161au\u0161ana]<br \/>\nArbaleta Skr\u016bves<br \/>\nOgleklis<br \/>\nParedz\u0113ts r9 \/ rx cobra sist\u0113mas arbaletiem<br \/>\nGarums 7,5&#8243;<br \/>\nSvars 155g<br \/>\n10 gabalu komplekts<\/p>\n","protected":false},"featured_media":122940,"template":"","meta":{"_acf_changed":false},"product_brand":[],"product_cat":[1016,1013],"product_tag":[],"class_list":{"0":"post-151556","1":"product","2":"type-product","3":"status-publish","4":"has-post-thumbnail","6":"product_cat-bultas-bultas-dalas","7":"product_cat-loki-un-sen","9":"first","10":"instock","11":"taxable","12":"shipping-taxable","13":"purchasable","14":"product-type-simple"},"acf":[],"_links":{"self":[{"href":"https:\/\/kingarms.ee\/lv\/wp-json\/wp\/v2\/product\/151556","targetHints":{"allow":["GET"]}}],"collection":[{"href":"https:\/\/kingarms.ee\/lv\/wp-json\/wp\/v2\/product"}],"about":[{"href":"https:\/\/kingarms.ee\/lv\/wp-json\/wp\/v2\/types\/product"}],"wp:featuredmedia":[{"embeddable":true,"href":"https:\/\/kingarms.ee\/lv\/wp-json\/wp\/v2\/media\/122940"}],"wp:attachment":[{"href":"https:\/\/kingarms.ee\/lv\/wp-json\/wp\/v2\/media?parent=151556"}],"wp:term":[{"taxonomy":"product_brand","embeddable":true,"href":"https:\/\/kingarms.ee\/lv\/wp-json\/wp\/v2\/product_brand?post=151556"},{"taxonomy":"product_cat","embeddable":true,"href":"https:\/\/kingarms.ee\/lv\/wp-json\/wp\/v2\/product_cat?post=151556"},{"taxonomy":"product_tag","embeddable":true,"href":"https:\/\/kingarms.ee\/lv\/wp-json\/wp\/v2\/product_tag?post=151556"}],"curies":[{"name":"wp","href":"https:\/\/api.w.org\/{rel}","templated":true}]}}