{"id":151557,"date":"2022-07-18T12:12:14","date_gmt":"2025-06-29T11:14:13","guid":{"rendered":"https:\/\/kingarms.ee\/product\/10-gab-komplekts-15-collas-oglekla-stops-skruves-r9-rx-ek-loka-sausana\/"},"modified":"2025-06-29T14:14:13","modified_gmt":"2025-06-29T11:14:13","slug":"10-gab-komplekts-15-collas-oglekla-stops-skruves-r9-rx-ek-loka-sausana","status":"publish","type":"product","link":"https:\/\/kingarms.ee\/lv\/product\/10-gab-komplekts-15-collas-oglekla-stops-skruves-r9-rx-ek-loka-sausana\/","title":{"rendered":"10 gab komplekts 15 collas oglek\u013ca stops Skr\u016bves R9 \/ RX [EK loka \u0161au\u0161ana]"},"content":{"rendered":"","protected":false},"excerpt":{"rendered":"<p>10 gab komplekts 15 collas oglek\u013ca stops Skr\u016bves r9 \/ rx [ek loka \u0161au\u0161ana]<br \/>\nArbaleta Skr\u016bves<br \/>\nOgleklis<br \/>\nParedz\u0113ts r9 \/ rx cobra sist\u0113mas arbaletiem<br \/>\nGarums 15&#8243;<br \/>\nSvars 235g<br \/>\n10 gabalu komplekts<\/p>\n","protected":false},"featured_media":122947,"template":"","meta":{"_acf_changed":false},"product_brand":[],"product_cat":[1016,1013],"product_tag":[],"class_list":{"0":"post-151557","1":"product","2":"type-product","3":"status-publish","4":"has-post-thumbnail","6":"product_cat-bultas-bultas-dalas","7":"product_cat-loki-un-sen","9":"first","10":"instock","11":"taxable","12":"shipping-taxable","13":"purchasable","14":"product-type-simple"},"acf":[],"_links":{"self":[{"href":"https:\/\/kingarms.ee\/lv\/wp-json\/wp\/v2\/product\/151557","targetHints":{"allow":["GET"]}}],"collection":[{"href":"https:\/\/kingarms.ee\/lv\/wp-json\/wp\/v2\/product"}],"about":[{"href":"https:\/\/kingarms.ee\/lv\/wp-json\/wp\/v2\/types\/product"}],"wp:featuredmedia":[{"embeddable":true,"href":"https:\/\/kingarms.ee\/lv\/wp-json\/wp\/v2\/media\/122947"}],"wp:attachment":[{"href":"https:\/\/kingarms.ee\/lv\/wp-json\/wp\/v2\/media?parent=151557"}],"wp:term":[{"taxonomy":"product_brand","embeddable":true,"href":"https:\/\/kingarms.ee\/lv\/wp-json\/wp\/v2\/product_brand?post=151557"},{"taxonomy":"product_cat","embeddable":true,"href":"https:\/\/kingarms.ee\/lv\/wp-json\/wp\/v2\/product_cat?post=151557"},{"taxonomy":"product_tag","embeddable":true,"href":"https:\/\/kingarms.ee\/lv\/wp-json\/wp\/v2\/product_tag?post=151557"}],"curies":[{"name":"wp","href":"https:\/\/api.w.org\/{rel}","templated":true}]}}