{"id":151559,"date":"2022-06-27T12:03:58","date_gmt":"2025-06-29T11:16:25","guid":{"rendered":"https:\/\/kingarms.ee\/product\/taktiska-sespaka-carlija-530g\/"},"modified":"2025-06-29T14:16:25","modified_gmt":"2025-06-29T11:16:25","slug":"taktiska-sespaka-carlija-530g","status":"publish","type":"product","link":"https:\/\/kingarms.ee\/lv\/product\/taktiska-sespaka-carlija-530g\/","title":{"rendered":"Taktisk\u0101 se\u0161paka \u010c\u0101rlija 530g"},"content":{"rendered":"","protected":false},"excerpt":{"rendered":"<p>Taktisk\u0101 se\u0161paka \u010c\u0101rlija 530g<\/p>\n<p>Kombin\u0113tais iepakojums ir paredz\u0113ts, lai j\u016bs pavad\u012btu divu dienu p\u0101rg\u0101jien\u0101. Tactical FoodPack Charlie satur 6 da\u017e\u0101dus p\u0101rtikas iepakojumus vai 6 karstos \u0113dienus. <\/p>\n<p>Iepakojum\u0101 j\u016bs atrad\u012bsiet \u0161\u0101dus gardus \u0113dienus<span class=\"Apple-converted-space\"> <\/span><\/p>\n<p>* R\u012bsu pudi\u0146\u0161 ar og\u0101m-Neto svars 90g, ener\u0123\u0113tisk\u0101 v\u0113rt\u012bba uz porciju 425 kcal<\/p>\n<p>* Pikant\u0101 n\u016bde\u013cu zupa-Neto svars 70g, ener\u0123\u0113tisk\u0101 v\u0113rt\u012bba uz porciju 346 kcal<\/p>\n<p>* Vidusj\u016bras brokastis Shakshuka-Neto svars 100g, ener\u0123\u0113tisk\u0101 v\u0113rt\u012bba uz porciju 436 kcal<\/p>\n<p>* R\u012bsu \u0113diens ar vistu-Neto svars 100g, ener\u0123\u0113tisk\u0101 v\u0113rt\u012bba uz porciju 412 kcal<\/p>\n<p>* Bie\u0161u bieze\u0146a zupa ar fetu-Neto svars 60g, ener\u0123\u0113tisk\u0101 v\u0113rt\u012bba uz porciju 274 kcal<\/p>\n<p>* Kr\u0113mveida d\u0101rze\u0146u pastas-Neto svars 110g, ener\u0123\u0113tisk\u0101 v\u0113rt\u012bba uz porciju 513 kcal<\/p>\n<p>Turkl\u0101t m\u0113s bez maksas esam nodro\u0161in\u0101ju\u0161i p\u0101rtikas sild\u012b\u0161anas maisi\u0146u ar sildelementu, kas \u013cauj sild\u012bt p\u0101rtiku pat tad, ja nav iesp\u0113jams pagatavot karstu \u016bdeni vai uguni.<\/p>\n<p>Kop\u0113j\u0101 ener\u0123\u0113tisk\u0101 v\u0113rt\u012bba se\u0161pakas uz 2406 kcal.<\/p>\n","protected":false},"featured_media":122721,"template":"","meta":{"_acf_changed":false},"product_brand":[],"product_cat":[1128],"product_tag":[],"class_list":{"0":"post-151559","1":"product","2":"type-product","3":"status-publish","4":"has-post-thumbnail","6":"product_cat-taktiska-partikas","8":"first","9":"instock","10":"taxable","11":"shipping-taxable","12":"purchasable","13":"product-type-simple"},"acf":[],"_links":{"self":[{"href":"https:\/\/kingarms.ee\/lv\/wp-json\/wp\/v2\/product\/151559","targetHints":{"allow":["GET"]}}],"collection":[{"href":"https:\/\/kingarms.ee\/lv\/wp-json\/wp\/v2\/product"}],"about":[{"href":"https:\/\/kingarms.ee\/lv\/wp-json\/wp\/v2\/types\/product"}],"wp:featuredmedia":[{"embeddable":true,"href":"https:\/\/kingarms.ee\/lv\/wp-json\/wp\/v2\/media\/122721"}],"wp:attachment":[{"href":"https:\/\/kingarms.ee\/lv\/wp-json\/wp\/v2\/media?parent=151559"}],"wp:term":[{"taxonomy":"product_brand","embeddable":true,"href":"https:\/\/kingarms.ee\/lv\/wp-json\/wp\/v2\/product_brand?post=151559"},{"taxonomy":"product_cat","embeddable":true,"href":"https:\/\/kingarms.ee\/lv\/wp-json\/wp\/v2\/product_cat?post=151559"},{"taxonomy":"product_tag","embeddable":true,"href":"https:\/\/kingarms.ee\/lv\/wp-json\/wp\/v2\/product_tag?post=151559"}],"curies":[{"name":"wp","href":"https:\/\/api.w.org\/{rel}","templated":true}]}}