{"id":151561,"date":"2022-06-27T11:56:42","date_gmt":"2025-06-29T11:20:24","guid":{"rendered":"https:\/\/kingarms.ee\/product\/taktiska-sespaka-alfa-595g\/"},"modified":"2025-06-29T14:20:24","modified_gmt":"2025-06-29T11:20:24","slug":"taktiska-sespaka-alfa-595g","status":"publish","type":"product","link":"https:\/\/kingarms.ee\/lv\/product\/taktiska-sespaka-alfa-595g\/","title":{"rendered":"Taktisk\u0101 se\u0161paka alfa 595g"},"content":{"rendered":"","protected":false},"excerpt":{"rendered":"<p>Taktisk\u0101 se\u0161paka alfa 595g<\/p>\n<p>Kombin\u0113tais iepakojums ir paredz\u0113ts, lai j\u016bs pavad\u012btu divu dienu p\u0101rg\u0101jien\u0101. Tactical FoodPack &#8216; S SixPack Alpha ietver 6 da\u017e\u0101dus p\u0101rtikas iepakojumus vai 6 karstos \u0113dienus. <\/p>\n<p>Iepakojum\u0101 j\u016bs atrad\u012bsiet \u0161\u0101dus gardus \u0113dienus:<\/p>\n<p>* R\u012bsu putra ar og\u0101m-Neto svars 90g, ener\u0123\u0113tisk\u0101 v\u0113rt\u012bba uz porciju 425 kcal<\/p>\n<p>* Auzu p\u0101rslu biezputra ar \u0101boliem-Neto svars 90 g, Ener\u0123\u0113tisk\u0101 v\u0113rt\u012bba uz porciju 390<span class=\"Apple-converted-space\">  <\/span>kcal<\/p>\n<p>* Kartupe\u013cu biezenis ar bekonu-Neto svars 110g, ener\u0123\u0113tisk\u0101 v\u0113rt\u012bba uz porciju 601 kcal<\/p>\n<p>* Ga\u013cas zupa-Neto svars 90 g, Ener\u0123\u0113tisk\u0101 v\u0113rt\u012bba uz porciju 440 kcal<\/p>\n<p>* Vistas karijs ar r\u012bsiem-Neto svars 100 g, Ener\u0123\u0113tisk\u0101 v\u0113rt\u012bba uz porciju 500 kcal<\/p>\n<p>* Spageti Bolognese-Neto svars 115 g, Ener\u0123\u0113tisk\u0101 v\u0113rt\u012bba uz porciju 542 kcal<\/p>\n<p>Turkl\u0101t m\u0113s bez maksas esam nodro\u0161in\u0101ju\u0161i p\u0101rtikas sild\u012b\u0161anas maisi\u0146u ar sildelementu, kas \u013cauj sild\u012bt p\u0101rtiku pat tad, ja nav iesp\u0113jams pagatavot karstu \u016bdeni vai uguni.<\/p>\n<p>Kop\u0113j\u0101 ener\u0123\u0113tisk\u0101 v\u0113rt\u012bba SixPack Alpha uz 2898 kcal.<\/p>\n","protected":false},"featured_media":122709,"template":"","meta":{"_acf_changed":false},"product_brand":[],"product_cat":[1128],"product_tag":[],"class_list":{"0":"post-151561","1":"product","2":"type-product","3":"status-publish","4":"has-post-thumbnail","6":"product_cat-taktiska-partikas","8":"first","9":"instock","10":"taxable","11":"shipping-taxable","12":"purchasable","13":"product-type-simple"},"acf":[],"_links":{"self":[{"href":"https:\/\/kingarms.ee\/lv\/wp-json\/wp\/v2\/product\/151561","targetHints":{"allow":["GET"]}}],"collection":[{"href":"https:\/\/kingarms.ee\/lv\/wp-json\/wp\/v2\/product"}],"about":[{"href":"https:\/\/kingarms.ee\/lv\/wp-json\/wp\/v2\/types\/product"}],"wp:featuredmedia":[{"embeddable":true,"href":"https:\/\/kingarms.ee\/lv\/wp-json\/wp\/v2\/media\/122709"}],"wp:attachment":[{"href":"https:\/\/kingarms.ee\/lv\/wp-json\/wp\/v2\/media?parent=151561"}],"wp:term":[{"taxonomy":"product_brand","embeddable":true,"href":"https:\/\/kingarms.ee\/lv\/wp-json\/wp\/v2\/product_brand?post=151561"},{"taxonomy":"product_cat","embeddable":true,"href":"https:\/\/kingarms.ee\/lv\/wp-json\/wp\/v2\/product_cat?post=151561"},{"taxonomy":"product_tag","embeddable":true,"href":"https:\/\/kingarms.ee\/lv\/wp-json\/wp\/v2\/product_tag?post=151561"}],"curies":[{"name":"wp","href":"https:\/\/api.w.org\/{rel}","templated":true}]}}