{"id":151563,"date":"2022-06-27T11:49:34","date_gmt":"2025-06-29T11:22:31","guid":{"rendered":"https:\/\/kingarms.ee\/product\/mre-ration-hotel-3-edieni-741g\/"},"modified":"2025-06-29T14:22:31","modified_gmt":"2025-06-29T11:22:31","slug":"mre-ration-hotel-3-edieni-741g","status":"publish","type":"product","link":"https:\/\/kingarms.ee\/lv\/product\/mre-ration-hotel-3-edieni-741g\/","title":{"rendered":"MRE ration HOTEL 3 \u0113dieni 741g"},"content":{"rendered":"","protected":false},"excerpt":{"rendered":"<p>Tactical Foodpack devas Golf, Hotel un India ir izstr\u0101d\u0101tas t\u0101, lai pal\u012bdz\u0113tu jums pa\u0161iem pl\u0101not savu laiku un \u0113dienreizes. Augstas uzturv\u0113rt\u012bbas iepakojumos ir tr\u012bs Tactical Foodpack malt\u012btes, da\u017e\u0101das uzkodas un liofiliz\u0113ts sald\u0113jums desertam. Atsvaidzino\u0161am dz\u0113rienam varat pagatavot kafiju vai kakao. Komplekt\u0101 ietilpst karot\u012bte, Tactical dz\u0113riena papildin\u0101t\u0101js un Tactical du\u0161as un dezinfic\u0113jo\u0161\u0101s roku salvetes person\u012bgajai higi\u0113nai. Racion\u0101lais iepakojums ir atk\u0101rtoti lietojams.    <\/p>\n<p><strong>Ne\u013caujiet sev zaud\u0113t ener\u0123iju &#8211; uzturiet augstu ener\u0123ijas l\u012bmeni!<\/strong><\/p>\n<p>Komplekt\u0101 ietilpst:<\/p>\n<ul>\n<li>R\u012bsu pudi\u0146\u0161 ar og\u0101m-Neto svars 90 g, Ener\u0123\u0113tisk\u0101 v\u0113rt\u012bba uz porciju 425 kcal<\/li>\n<li>R\u012bsu \u0113diens ar c\u016bkga\u013cu-Neto svars 115 g, Ener\u0123\u0113tisk\u0101 v\u0113rt\u012bba uz porciju 523 kcal<\/li>\n<li>Spageti Bolognese-Neto svars 115 g, Ener\u0123\u0113tisk\u0101 v\u0113rt\u012bba uz porciju 542 kcal<\/li>\n<li>Maize &#8211; neto svars 100 g, ener\u0123\u0113tisk\u0101 v\u0113rt\u012bba porcij\u0101 262 kcal<\/li>\n<li>Core Shake Fresh Green-Neto svars 60 g, Ener\u0123\u0113tisk\u0101 v\u0113rt\u012bba uz porciju 320 kcal<\/li>\n<li>Liellopu saraust\u012bts Teriyaki-Neto svars 40 g, Ener\u0123\u0113tisk\u0101 v\u0113rt\u012bba uz porciju 112,4 kcal<\/li>\n<li>Ener\u0123ijas b\u0101rs multi vitam\u012bns-Neto svars 125 g, Ener\u0123\u0113tisk\u0101 v\u0113rt\u012bba uz porciju 613,75 kcal<\/li>\n<li>Liofiliz\u0113ts sald\u0113jums vani\u013ca-Neto svars 38 g, Ener\u0123\u0113tisk\u0101 v\u0113rt\u012bba uz porciju 165 kcal<\/li>\n<li>Kafija-Neto svars 2,4 g<\/li>\n<li>Cukurs-Neto svars 6 g, Ener\u0123\u0113tisk\u0101 v\u0113rt\u012bba uz porciju 23,7 kcal<\/li>\n<li>Kakao-Neto svars 25 g, Ener\u0123\u0113tisk\u0101 v\u0113rt\u012bba uz porciju 97,5 kcal<\/li>\n<li>Karote<\/li>\n<li>Jogi top<\/li>\n<li>Taktisk\u0101 du\u0161a<\/li>\n<li>3x Dezinfic\u0113jo\u0161as roku t\u012br\u012b\u0161anas salvetes<\/li>\n<\/ul>\n<p>3 malt\u012btes deva Hotel energiasisaldus: 3080 kcal<\/p>\n<p>Netokaal: 741 g<\/p>\n<p><strong>Lab\u0101kais pirms:<\/strong><br clear=\"none\">8 gadi pamata p\u0101rtikas produktiem<br clear=\"none\">3 gadi interludes<\/p>\n","protected":false},"featured_media":122701,"template":"","meta":{"_acf_changed":false},"product_brand":[],"product_cat":[1128],"product_tag":[],"class_list":{"0":"post-151563","1":"product","2":"type-product","3":"status-publish","4":"has-post-thumbnail","6":"product_cat-taktiska-partikas","8":"first","9":"instock","10":"taxable","11":"shipping-taxable","12":"purchasable","13":"product-type-simple"},"acf":[],"_links":{"self":[{"href":"https:\/\/kingarms.ee\/lv\/wp-json\/wp\/v2\/product\/151563","targetHints":{"allow":["GET"]}}],"collection":[{"href":"https:\/\/kingarms.ee\/lv\/wp-json\/wp\/v2\/product"}],"about":[{"href":"https:\/\/kingarms.ee\/lv\/wp-json\/wp\/v2\/types\/product"}],"wp:featuredmedia":[{"embeddable":true,"href":"https:\/\/kingarms.ee\/lv\/wp-json\/wp\/v2\/media\/122701"}],"wp:attachment":[{"href":"https:\/\/kingarms.ee\/lv\/wp-json\/wp\/v2\/media?parent=151563"}],"wp:term":[{"taxonomy":"product_brand","embeddable":true,"href":"https:\/\/kingarms.ee\/lv\/wp-json\/wp\/v2\/product_brand?post=151563"},{"taxonomy":"product_cat","embeddable":true,"href":"https:\/\/kingarms.ee\/lv\/wp-json\/wp\/v2\/product_cat?post=151563"},{"taxonomy":"product_tag","embeddable":true,"href":"https:\/\/kingarms.ee\/lv\/wp-json\/wp\/v2\/product_tag?post=151563"}],"curies":[{"name":"wp","href":"https:\/\/api.w.org\/{rel}","templated":true}]}}