{"id":151572,"date":"2022-03-28T12:53:05","date_gmt":"2025-06-29T11:47:21","guid":{"rendered":"https:\/\/kingarms.ee\/product\/taktiskais-griezums-ofs-sievietes-cimdu-mehaniki-sievietes-vaja-d5\/"},"modified":"2025-06-29T14:47:21","modified_gmt":"2025-06-29T11:47:21","slug":"taktiskais-griezums-ofs-sievietes-cimdu-mehaniki-sievietes-vaja-d5","status":"publish","type":"product","link":"https:\/\/kingarms.ee\/lv\/product\/taktiskais-griezums-ofs-sievietes-cimdu-mehaniki-sievietes-vaja-d5\/","title":{"rendered":"Taktiskais griezums -ofs sievietes cimdu meh\u0101ni\u0137i sievietes vaj\u0101 d5"},"content":{"rendered":"<p>Taktiskais griezums -ofs sievietes cimdu meh\u0101ni\u0137i sievietes vaj\u0101 d5<\/p>\n<p>Cut iztur\u012bgi taktiskie sievie\u0161u cimdi Mechanix Sievie\u0161u Pursuit D5.<\/p>\n<p>Grie\u0161anas pretest\u012bba bez kompromisiem, Mechanix Tactical Specialty Pursuit s\u0113rija ir veidota p\u0113c popul\u0101r\u0101k\u0101 ori\u0123in\u0101l\u0101 mode\u013ca, ta\u010du tai ir iztur\u012bga pret griezumu odere.<\/p>\n<p>Cimdi ir anatomiski veidoti t\u0101, lai tie atbilstu rokas dabiskajam izliekumam.<\/p>\n<p>Uz plaukstas un pirkstiem ir iztur\u012bga sint\u0113tisk\u0101 \u0101da, kas izkl\u0101ta ar Armorteks\u0101tu un atbilst d l\u012bmenim saska\u0146\u0101 ar jauno aizsargcimdu standartu CE EN388:2016.<\/p>\n<p>Mechanix Pursuit cimdi darbojas ar\u012b ar sk\u0101rienekr\u0101niem.<\/p>\n<p>Rokas stiprin\u0101jums: Velcro stiprin\u0101jums ar TPR p\u0101rkl\u0101jumu.<\/p>\n<p>Trekdry-top uztur rokas sausas un spandekss nodro\u0161ina komfortu.<\/p>\n<p>Armortexerve cut-iztur\u012bgs odere uz palmu un pirkstiem.<\/p>\n<p>Cimdi ir mazg\u0101jami ma\u0161\u012bn\u0101.<\/p>\n<p>Atbilst jaunajam standartam CE EN388: 2016 3.43 D, ANSI A5<\/p>\n<p>Izm\u0113ri: S \/ 8, M \/ 9, L\/10, XL \/ 11, XXL \/ 12<\/p>\n","protected":false},"excerpt":{"rendered":"<p>Taktiskais griezums -ofs sievietes cimdu meh\u0101ni\u0137i sievietes vaj\u0101 d5<\/p>\n<p>Cut iztur\u012bgi taktiskie sievie\u0161u cimdi Mechanix Sievie\u0161u Pursuit D5.<\/p>\n<p>Grie\u0161anas pretest\u012bba bez kompromisiem, Mechanix Tactical Specialty Pursuit s\u0113rija ir veidota p\u0113c popul\u0101r\u0101k\u0101 ori\u0123in\u0101l\u0101 mode\u013ca, ta\u010du tai ir iztur\u012bga pret griezumu odere.<\/p>\n<p>Cimdi ir anatomiski veidoti t\u0101, lai tie atbilstu rokas dabiskajam izliekumam.<\/p>\n<p>Uz plaukstas un pirkstiem ir iztur\u012bga sint\u0113tisk\u0101 \u0101da, kas izkl\u0101ta ar Armorteks\u0101tu un atbilst d l\u012bmenim saska\u0146\u0101 ar jauno aizsargcimdu standartu CE EN388:2016.<\/p>\n<p>Mechanix Pursuit cimdi darbojas ar\u012b ar sk\u0101rienekr\u0101niem.<\/p>\n<p>Rokas stiprin\u0101jums: Velcro stiprin\u0101jums ar TPR p\u0101rkl\u0101jumu.<\/p>\n<p>Trekdry-top uztur rokas sausas un spandekss nodro\u0161ina komfortu.<\/p>\n<p>Armortexerve cut-iztur\u012bgs odere uz palmu un pirkstiem.<\/p>\n<p>Cimdi ir mazg\u0101jami ma\u0161\u012bn\u0101.<\/p>\n<p>Atbilst jaunajam standartam CE EN388: 2016 3.43 D, ANSI A5<\/p>\n<p>Izm\u0113ri: S \/ 8, M \/ 9, L\/10, XL \/ 11, XXL \/ 12<\/p>\n","protected":false},"featured_media":115859,"template":"","meta":{"_acf_changed":false},"product_brand":[],"product_cat":[1092],"product_tag":[],"class_list":{"0":"post-151572","1":"product","2":"type-product","3":"status-publish","4":"has-post-thumbnail","6":"product_cat-cimdi","8":"first","9":"instock","10":"sale","11":"taxable","12":"shipping-taxable","13":"purchasable","14":"product-type-variable","15":"has-default-attributes"},"acf":[],"_links":{"self":[{"href":"https:\/\/kingarms.ee\/lv\/wp-json\/wp\/v2\/product\/151572","targetHints":{"allow":["GET"]}}],"collection":[{"href":"https:\/\/kingarms.ee\/lv\/wp-json\/wp\/v2\/product"}],"about":[{"href":"https:\/\/kingarms.ee\/lv\/wp-json\/wp\/v2\/types\/product"}],"wp:featuredmedia":[{"embeddable":true,"href":"https:\/\/kingarms.ee\/lv\/wp-json\/wp\/v2\/media\/115859"}],"wp:attachment":[{"href":"https:\/\/kingarms.ee\/lv\/wp-json\/wp\/v2\/media?parent=151572"}],"wp:term":[{"taxonomy":"product_brand","embeddable":true,"href":"https:\/\/kingarms.ee\/lv\/wp-json\/wp\/v2\/product_brand?post=151572"},{"taxonomy":"product_cat","embeddable":true,"href":"https:\/\/kingarms.ee\/lv\/wp-json\/wp\/v2\/product_cat?post=151572"},{"taxonomy":"product_tag","embeddable":true,"href":"https:\/\/kingarms.ee\/lv\/wp-json\/wp\/v2\/product_tag?post=151572"}],"curies":[{"name":"wp","href":"https:\/\/api.w.org\/{rel}","templated":true}]}}