{"id":151579,"date":"2022-03-28T12:46:21","date_gmt":"2025-06-29T11:48:45","guid":{"rendered":"https:\/\/kingarms.ee\/product\/taktiskie-cimdu-mehaniski-originals-multicam-black\/"},"modified":"2025-06-29T14:48:45","modified_gmt":"2025-06-29T11:48:45","slug":"taktiskie-cimdu-mehaniski-originals-multicam-black","status":"publish","type":"product","link":"https:\/\/kingarms.ee\/lv\/product\/taktiskie-cimdu-mehaniski-originals-multicam-black\/","title":{"rendered":"Taktiskie cimdu meh\u0101niski ori\u0123in\u0101ls Multicam Black"},"content":{"rendered":"<p>Taktiskie cimdu meh\u0101niski ori\u0123in\u0101ls Multicam Black<\/p>\n<p>\u013boti \u0113rti un iztur\u012bgi Taktiskie cimdi Mechanix Multicamount Black.<\/p>\n<p>Trekdry cimdu Aug\u0161\u0113jais materi\u0101ls ir labi elpojo\u0161s un uztur rokas sausas.<\/p>\n<p>Palm: iztur\u012bga mikro\u0161\u0137iedras sint\u0113tisk\u0101 \u0101da, bez \u0161uv\u0113m.<\/p>\n<p>Plaukstas loc\u012btava ar TPR paneli un Velcro stiprin\u0101jumu.<\/p>\n<p>Cilpi\u0146a cimdu pakarin\u0101\u0161anai, izmantojot karab\u012bni.<\/p>\n<p>Cimdi ir mazg\u0101jami ma\u0161\u012bn\u0101.<\/p>\n<p>Cimdi str\u0101d\u0101 ar sk\u0101rienekr\u0101niem.<\/p>\n<p>Multikam\u0101ta meln\u0101 Mask\u0113\u0161an\u0101s meln\u0101 kr\u0101s\u0101.<\/p>\n<p>Galven\u0101s piem\u0113ro\u0161anas jomas:<\/p>\n<p>&#8211; milit\u0101rs<\/p>\n<p>&#8211; ties\u012bbaizsardz\u012bba<\/p>\n<p>\u2013 \u0161au\u0161ana<\/p>\n<p>&#8211; apkope un remonts<\/p>\n<p>Atbilst CE EN388: 2016 3121X<\/p>\n","protected":false},"excerpt":{"rendered":"<p>Taktiskie cimdu meh\u0101niski ori\u0123in\u0101ls Multicam Black<\/p>\n<p>\u013boti \u0113rti un iztur\u012bgi Taktiskie cimdi Mechanix Multicamount Black.<\/p>\n<p>Trekdry cimdu Aug\u0161\u0113jais materi\u0101ls ir labi elpojo\u0161s un uztur rokas sausas.<\/p>\n<p>Palm: iztur\u012bga mikro\u0161\u0137iedras sint\u0113tisk\u0101 \u0101da, bez \u0161uv\u0113m.<\/p>\n<p>Plaukstas loc\u012btava ar TPR paneli un Velcro stiprin\u0101jumu.<\/p>\n<p>Cilpi\u0146a cimdu pakarin\u0101\u0161anai, izmantojot karab\u012bni.<\/p>\n<p>Cimdi ir mazg\u0101jami ma\u0161\u012bn\u0101.<\/p>\n<p>Cimdi str\u0101d\u0101 ar sk\u0101rienekr\u0101niem.<\/p>\n<p>Multikam\u0101ta meln\u0101 Mask\u0113\u0161an\u0101s meln\u0101 kr\u0101s\u0101.<\/p>\n<p>Galven\u0101s piem\u0113ro\u0161anas jomas:<\/p>\n<p>&#8211; milit\u0101rs<\/p>\n<p>&#8211; ties\u012bbaizsardz\u012bba<\/p>\n<p>\u2013 \u0161au\u0161ana<\/p>\n<p>&#8211; apkope un remonts<\/p>\n<p>Atbilst CE EN388: 2016 3121X<\/p>\n","protected":false},"featured_media":115845,"template":"","meta":{"_acf_changed":false},"product_brand":[],"product_cat":[1092],"product_tag":[],"class_list":{"0":"post-151579","1":"product","2":"type-product","3":"status-publish","4":"has-post-thumbnail","6":"product_cat-cimdi","8":"first","9":"instock","10":"sale","11":"taxable","12":"shipping-taxable","13":"purchasable","14":"product-type-variable","15":"has-default-attributes"},"acf":[],"_links":{"self":[{"href":"https:\/\/kingarms.ee\/lv\/wp-json\/wp\/v2\/product\/151579","targetHints":{"allow":["GET"]}}],"collection":[{"href":"https:\/\/kingarms.ee\/lv\/wp-json\/wp\/v2\/product"}],"about":[{"href":"https:\/\/kingarms.ee\/lv\/wp-json\/wp\/v2\/types\/product"}],"wp:featuredmedia":[{"embeddable":true,"href":"https:\/\/kingarms.ee\/lv\/wp-json\/wp\/v2\/media\/115845"}],"wp:attachment":[{"href":"https:\/\/kingarms.ee\/lv\/wp-json\/wp\/v2\/media?parent=151579"}],"wp:term":[{"taxonomy":"product_brand","embeddable":true,"href":"https:\/\/kingarms.ee\/lv\/wp-json\/wp\/v2\/product_brand?post=151579"},{"taxonomy":"product_cat","embeddable":true,"href":"https:\/\/kingarms.ee\/lv\/wp-json\/wp\/v2\/product_cat?post=151579"},{"taxonomy":"product_tag","embeddable":true,"href":"https:\/\/kingarms.ee\/lv\/wp-json\/wp\/v2\/product_tag?post=151579"}],"curies":[{"name":"wp","href":"https:\/\/api.w.org\/{rel}","templated":true}]}}