{"id":151602,"date":"2022-03-24T02:08:46","date_gmt":"2025-06-29T12:17:59","guid":{"rendered":"https:\/\/kingarms.ee\/product\/taktiski-griezuma-cimdu-mehaniki-pursuit-cr5\/"},"modified":"2025-06-29T15:17:59","modified_gmt":"2025-06-29T12:17:59","slug":"taktiski-griezuma-cimdu-mehaniki-pursuit-cr5","status":"publish","type":"product","link":"https:\/\/kingarms.ee\/lv\/product\/taktiski-griezuma-cimdu-mehaniki-pursuit-cr5\/","title":{"rendered":"Taktiski griezuma cimdu meh\u0101ni\u0137i Pursuit Cr5"},"content":{"rendered":"<p>Taktiski griezuma cimdu meh\u0101ni\u0137i Pursuit Cr5<\/p>\n<p>Inc\u012bzija iztur\u012bgi Taktiskie cimdi Mechanix Pursuit CR5.<\/p>\n<p>Grie\u0161anas pretest\u012bba bez kompromisiem, Mechanix Tactical specialit\u0101tes s\u0113rija Pursuit CR5 ir veidota p\u0113c popul\u0101r\u0101k\u0101 ori\u0123in\u0101l\u0101 mode\u013ca, bet tai ir iztur\u012bga pret griezumu.<\/p>\n<p>Cimdi ir anatomiski veidoti t\u0101, lai tie atbilstu rokas dabiskajam izliekumam.<\/p>\n<p>Plaukstai un pirkstiem ir iztur\u012bga sint\u0113tisk\u0101 \u0101da, kas izkl\u0101ta ar CE l\u012bme\u0146a 5 Armortexage (maksim\u0101l\u0101 grie\u0161anas pretest\u012bba).<\/p>\n<p>Mechanix Pursuit CR5 cimdi darbojas ar\u012b ar sk\u0101rienekr\u0101niem.<\/p>\n<p>Rokas stiprin\u0101jums: Velcro stiprin\u0101jums ar TPR p\u0101rkl\u0101jumu.<\/p>\n<p>Trekdry-top uztur rokas sausas un spandekss nodro\u0161ina komfortu.<\/p>\n<p>Armortexerve cut-iztur\u012bgs odere uz palmu un pirkstiem.<\/p>\n<p>Cimdi ir mazg\u0101jami ma\u0161\u012bn\u0101.<\/p>\n<p>Vastab standardile: CE EN388 2543<\/p>\n","protected":false},"excerpt":{"rendered":"<p>Taktiski griezuma cimdu meh\u0101ni\u0137i Pursuit Cr5<\/p>\n<p>Inc\u012bzija iztur\u012bgi Taktiskie cimdi Mechanix Pursuit CR5.<\/p>\n<p>Grie\u0161anas pretest\u012bba bez kompromisiem, Mechanix Tactical specialit\u0101tes s\u0113rija Pursuit CR5 ir veidota p\u0113c popul\u0101r\u0101k\u0101 ori\u0123in\u0101l\u0101 mode\u013ca, bet tai ir iztur\u012bga pret griezumu.<\/p>\n<p>Cimdi ir anatomiski veidoti t\u0101, lai tie atbilstu rokas dabiskajam izliekumam.<\/p>\n<p>Plaukstai un pirkstiem ir iztur\u012bga sint\u0113tisk\u0101 \u0101da, kas izkl\u0101ta ar CE l\u012bme\u0146a 5 Armortexage (maksim\u0101l\u0101 grie\u0161anas pretest\u012bba).<\/p>\n<p>Mechanix Pursuit CR5 cimdi darbojas ar\u012b ar sk\u0101rienekr\u0101niem.<\/p>\n<p>Rokas stiprin\u0101jums: Velcro stiprin\u0101jums ar TPR p\u0101rkl\u0101jumu.<\/p>\n<p>Trekdry-top uztur rokas sausas un spandekss nodro\u0161ina komfortu.<\/p>\n<p>Armortexerve cut-iztur\u012bgs odere uz palmu un pirkstiem.<\/p>\n<p>Cimdi ir mazg\u0101jami ma\u0161\u012bn\u0101.<\/p>\n<p>Vastab standardile: CE EN388 2543<\/p>\n","protected":false},"featured_media":115797,"template":"","meta":{"_acf_changed":false},"product_brand":[],"product_cat":[1092],"product_tag":[],"class_list":{"0":"post-151602","1":"product","2":"type-product","3":"status-publish","4":"has-post-thumbnail","6":"product_cat-cimdi","8":"first","9":"instock","10":"sale","11":"taxable","12":"shipping-taxable","13":"purchasable","14":"product-type-variable","15":"has-default-attributes"},"acf":[],"_links":{"self":[{"href":"https:\/\/kingarms.ee\/lv\/wp-json\/wp\/v2\/product\/151602","targetHints":{"allow":["GET"]}}],"collection":[{"href":"https:\/\/kingarms.ee\/lv\/wp-json\/wp\/v2\/product"}],"about":[{"href":"https:\/\/kingarms.ee\/lv\/wp-json\/wp\/v2\/types\/product"}],"wp:featuredmedia":[{"embeddable":true,"href":"https:\/\/kingarms.ee\/lv\/wp-json\/wp\/v2\/media\/115797"}],"wp:attachment":[{"href":"https:\/\/kingarms.ee\/lv\/wp-json\/wp\/v2\/media?parent=151602"}],"wp:term":[{"taxonomy":"product_brand","embeddable":true,"href":"https:\/\/kingarms.ee\/lv\/wp-json\/wp\/v2\/product_brand?post=151602"},{"taxonomy":"product_cat","embeddable":true,"href":"https:\/\/kingarms.ee\/lv\/wp-json\/wp\/v2\/product_cat?post=151602"},{"taxonomy":"product_tag","embeddable":true,"href":"https:\/\/kingarms.ee\/lv\/wp-json\/wp\/v2\/product_tag?post=151602"}],"curies":[{"name":"wp","href":"https:\/\/api.w.org\/{rel}","templated":true}]}}