{"id":151612,"date":"2022-03-24T02:04:08","date_gmt":"2025-06-29T12:19:19","guid":{"rendered":"https:\/\/kingarms.ee\/product\/tookindad-mechanix-m-pact-atverta-aproce\/"},"modified":"2025-06-29T15:19:19","modified_gmt":"2025-06-29T12:19:19","slug":"tookindad-mechanix-m-pact-atverta-aproce","status":"publish","type":"product","link":"https:\/\/kingarms.ee\/lv\/product\/tookindad-mechanix-m-pact-atverta-aproce\/","title":{"rendered":"T\u00f6\u00f6kindad Mechanix M-Pact\u00ae Atv\u0113rt\u0101 Aproce"},"content":{"rendered":"<p>Avatud elastse randmeosaga l\u00f6\u00f6ke taluvad ja vibratsiooni summutavad t\u00f6\u00f6kindad Mechanix M-Pact\u00ae atv\u0113rt\u0101 aproce<strong> <\/strong>piem\u0113rots izmanto\u0161anai da\u017e\u0101d\u0101s darba viet\u0101s.<\/p>\n<p>Cimdu polster\u0113jums un TPR pane\u013ci nodro\u0161ina aizsardz\u012bbu pret triecieniem un skr\u0101p\u0113jumiem.<\/p>\n<p>Trekdry-materi\u0101la aug\u0161da\u013ca uztur rokas sausas un \u0113rtas.<\/p>\n<p>D30. pane\u013ci plaukst\u0101 absorb\u0113 triecienus un vibr\u0101cijas.<\/p>\n<p>\u013boti iztur\u012bga sint\u0113tisk\u0101s \u0101das Palma ar Armortexraid pastiprin\u0101juma paneli.<\/p>\n<p>Stiprin\u0101ts r\u0101d\u012bt\u0101jpirksts un \u012bk\u0161\u0137is.<\/p>\n<p>Cimdi str\u0101d\u0101 ar sk\u0101rienekr\u0101niem.<\/p>\n<p>Cimdi ir mazg\u0101jami ma\u0161\u012bn\u0101.<\/p>\n<p>Galven\u0101s piem\u0113ro\u0161anas jomas:<\/p>\n<p>&#8211; Auto remonts<\/p>\n<p>\u2013 b\u016bvniec\u012bba<\/p>\n<p>&#8211; apkope un remonts<\/p>\n<p>\u2013 ra\u017eo\u0161ana<\/p>\n<p>&#8211; apstr\u0101des r\u012bki<\/p>\n<p>Atbilst standartam: CE EN388 3121XP<\/p>\n<p>EN 13594<\/p>\n","protected":false},"excerpt":{"rendered":"<p>Avatud elastse randmeosaga l\u00f6\u00f6ke taluvad ja vibratsiooni summutavad t\u00f6\u00f6kindad Mechanix M-Pact\u00ae atv\u0113rt\u0101 aproce<strong> <\/strong>piem\u0113rots izmanto\u0161anai da\u017e\u0101d\u0101s darba viet\u0101s.<\/p>\n<p>Cimdu polster\u0113jums un TPR pane\u013ci nodro\u0161ina aizsardz\u012bbu pret triecieniem un skr\u0101p\u0113jumiem.<\/p>\n<p>Trekdry-materi\u0101la aug\u0161da\u013ca uztur rokas sausas un \u0113rtas.<\/p>\n<p>D30. pane\u013ci plaukst\u0101 absorb\u0113 triecienus un vibr\u0101cijas.<\/p>\n<p>\u013boti iztur\u012bga sint\u0113tisk\u0101s \u0101das Palma ar Armortexraid pastiprin\u0101juma paneli.<\/p>\n<p>Stiprin\u0101ts r\u0101d\u012bt\u0101jpirksts un \u012bk\u0161\u0137is.<\/p>\n<p>Cimdi str\u0101d\u0101 ar sk\u0101rienekr\u0101niem.<\/p>\n<p>Cimdi ir mazg\u0101jami ma\u0161\u012bn\u0101.<\/p>\n<p>Galven\u0101s piem\u0113ro\u0161anas jomas:<\/p>\n<p>&#8211; Auto remonts<\/p>\n<p>\u2013 b\u016bvniec\u012bba<\/p>\n<p>&#8211; apkope un remonts<\/p>\n<p>\u2013 ra\u017eo\u0161ana<\/p>\n<p>&#8211; apstr\u0101des r\u012bki<\/p>\n<p>Atbilst standartam: CE EN388 3121XP<\/p>\n<p>EN 13594<\/p>\n","protected":false},"featured_media":115819,"template":"","meta":{"_acf_changed":false},"product_brand":[],"product_cat":[1092],"product_tag":[],"class_list":{"0":"post-151612","1":"product","2":"type-product","3":"status-publish","4":"has-post-thumbnail","6":"product_cat-cimdi","8":"first","9":"instock","10":"sale","11":"taxable","12":"shipping-taxable","13":"purchasable","14":"product-type-variable","15":"has-default-attributes"},"acf":[],"_links":{"self":[{"href":"https:\/\/kingarms.ee\/lv\/wp-json\/wp\/v2\/product\/151612","targetHints":{"allow":["GET"]}}],"collection":[{"href":"https:\/\/kingarms.ee\/lv\/wp-json\/wp\/v2\/product"}],"about":[{"href":"https:\/\/kingarms.ee\/lv\/wp-json\/wp\/v2\/types\/product"}],"wp:featuredmedia":[{"embeddable":true,"href":"https:\/\/kingarms.ee\/lv\/wp-json\/wp\/v2\/media\/115819"}],"wp:attachment":[{"href":"https:\/\/kingarms.ee\/lv\/wp-json\/wp\/v2\/media?parent=151612"}],"wp:term":[{"taxonomy":"product_brand","embeddable":true,"href":"https:\/\/kingarms.ee\/lv\/wp-json\/wp\/v2\/product_brand?post=151612"},{"taxonomy":"product_cat","embeddable":true,"href":"https:\/\/kingarms.ee\/lv\/wp-json\/wp\/v2\/product_cat?post=151612"},{"taxonomy":"product_tag","embeddable":true,"href":"https:\/\/kingarms.ee\/lv\/wp-json\/wp\/v2\/product_tag?post=151612"}],"curies":[{"name":"wp","href":"https:\/\/api.w.org\/{rel}","templated":true}]}}